{"id":77,"date":"2022-06-02T20:49:20","date_gmt":"2022-06-02T18:49:20","guid":{"rendered":"https:\/\/www.dragonet.fr\/?page_id=77"},"modified":"2022-06-10T09:29:20","modified_gmt":"2022-06-10T07:29:20","slug":"export","status":"publish","type":"page","link":"https:\/\/www.dragonet.fr\/index.php\/export\/","title":{"rendered":"Export"},"content":{"rendered":"\t\t<div data-elementor-type=\"wp-page\" data-elementor-id=\"77\" class=\"elementor elementor-77\">\n\t\t\t\t\t\t<section class=\"elementor-section elementor-top-section elementor-element elementor-element-70f02d9 elementor-section-boxed elementor-section-height-default elementor-section-height-default\" data-id=\"70f02d9\" data-element_type=\"section\" data-e-type=\"section\">\n\t\t\t\t\t\t<div class=\"elementor-container elementor-column-gap-default\">\n\t\t\t\t\t<div class=\"elementor-column elementor-col-100 elementor-top-column elementor-element elementor-element-5edce29b\" data-id=\"5edce29b\" data-element_type=\"column\" data-e-type=\"column\">\n\t\t\t<div class=\"elementor-widget-wrap elementor-element-populated\">\n\t\t\t\t\t\t<div class=\"elementor-element elementor-element-1546698b elementor-widget elementor-widget-text-editor\" data-id=\"1546698b\" data-element_type=\"widget\" data-e-type=\"widget\" data-widget_type=\"text-editor.default\">\n\t\t\t\t<div class=\"elementor-widget-container\">\n\t\t\t\t\t\t\t\t\t<p><span style=\"font-family: americorps-laser;\"><\/span><\/p>\n<p style=\"text-align: center;\"><span style=\"font-family: americorps-laser; font-size: 24pt; color: #dd4b40;\">D\u00e9roulement d&rsquo;un <\/span><\/p>\n<p style=\"text-align: center;\"><span style=\"font-family: americorps-laser; font-size: 24pt; color: #dd4b40;\">export de marchandises<\/span><\/p>\n<p><span style=\"font-family: americorps-laser;\"><\/span><\/p>\t\t\t\t\t\t\t\t<\/div>\n\t\t\t\t<\/div>\n\t\t\t\t\t<\/div>\n\t\t<\/div>\n\t\t\t\t\t<\/div>\n\t\t<\/section>\n\t\t\t\t<section class=\"elementor-section elementor-top-section elementor-element elementor-element-b14c268 elementor-section-boxed elementor-section-height-default elementor-section-height-default\" data-id=\"b14c268\" data-element_type=\"section\" data-e-type=\"section\">\n\t\t\t\t\t\t<div class=\"elementor-container elementor-column-gap-default\">\n\t\t\t\t\t<div class=\"elementor-column elementor-col-100 elementor-top-column elementor-element elementor-element-64ff41a\" data-id=\"64ff41a\" data-element_type=\"column\" data-e-type=\"column\">\n\t\t\t<div class=\"elementor-widget-wrap elementor-element-populated\">\n\t\t\t\t\t\t<div class=\"elementor-element elementor-element-fc76650 elementor-widget-divider--view-line elementor-widget elementor-widget-divider\" data-id=\"fc76650\" data-element_type=\"widget\" data-e-type=\"widget\" data-widget_type=\"divider.default\">\n\t\t\t\t<div class=\"elementor-widget-container\">\n\t\t\t\t\t\t\t<div class=\"elementor-divider\">\n\t\t\t<span class=\"elementor-divider-separator\">\n\t\t\t\t\t\t<\/span>\n\t\t<\/div>\n\t\t\t\t\t\t<\/div>\n\t\t\t\t<\/div>\n\t\t\t\t\t<\/div>\n\t\t<\/div>\n\t\t\t\t\t<\/div>\n\t\t<\/section>\n\t\t\t\t<section class=\"elementor-section elementor-top-section elementor-element elementor-element-934e752 elementor-section-boxed elementor-section-height-default elementor-section-height-default\" data-id=\"934e752\" data-element_type=\"section\" data-e-type=\"section\">\n\t\t\t\t\t\t<div class=\"elementor-container elementor-column-gap-default\">\n\t\t\t\t\t<div class=\"elementor-column elementor-col-100 elementor-top-column elementor-element elementor-element-0b067cf\" data-id=\"0b067cf\" data-element_type=\"column\" data-e-type=\"column\">\n\t\t\t<div class=\"elementor-widget-wrap elementor-element-populated\">\n\t\t\t\t\t\t<div class=\"elementor-element elementor-element-ed97c62 elementor-widget elementor-widget-text-editor\" data-id=\"ed97c62\" data-element_type=\"widget\" data-e-type=\"widget\" data-widget_type=\"text-editor.default\">\n\t\t\t\t<div class=\"elementor-widget-container\">\n\t\t\t\t\t\t\t\t\t<p><span style=\"font-family: montserrat; font-size: 18pt;\"><span class=\"firstcolor\">Demande<\/span> <span class=\"secondcolor \">en ligne<\/span><\/span><\/p>\n<p><span style=\"font-family: montserrat; font-size: 14pt;\">Pour l&rsquo;export, votre demande de transport doit \u00eatre r\u00e9alis\u00e9e sur l&rsquo;interface en ligne Dragonet. Vous pouvez, si vous le souhaitez, nous contacter par mail pour verrouiller le co\u00fbt et la faisabilit\u00e9 en amont.<\/span><\/p>\t\t\t\t\t\t\t\t<\/div>\n\t\t\t\t<\/div>\n\t\t\t\t<div class=\"elementor-element elementor-element-f209060 elementor-align-center elementor-widget elementor-widget-button\" data-id=\"f209060\" data-element_type=\"widget\" data-e-type=\"widget\" data-widget_type=\"button.default\">\n\t\t\t\t<div class=\"elementor-widget-container\">\n\t\t\t\t\t\t\t\t\t<div class=\"elementor-button-wrapper\">\n\t\t\t\t\t<a class=\"elementor-button elementor-button-link elementor-size-md elementor-animation-grow\" href=\"http:\/\/www.simplyline.net\/SimplyWeb?client=dragonet\">\n\t\t\t\t\t\t<span class=\"elementor-button-content-wrapper\">\n\t\t\t\t\t\t<span class=\"elementor-button-icon\">\n\t\t\t\t<i aria-hidden=\"true\" class=\"fas fa-plane-departure\"><\/i>\t\t\t<\/span>\n\t\t\t\t\t\t\t\t\t<span class=\"elementor-button-text\">Commande d'export<\/span>\n\t\t\t\t\t<\/span>\n\t\t\t\t\t<\/a>\n\t\t\t\t<\/div>\n\t\t\t\t\t\t\t\t<\/div>\n\t\t\t\t<\/div>\n\t\t\t\t<div class=\"elementor-element elementor-element-1b954a9 elementor-widget elementor-widget-text-editor\" data-id=\"1b954a9\" data-element_type=\"widget\" data-e-type=\"widget\" data-widget_type=\"text-editor.default\">\n\t\t\t\t<div class=\"elementor-widget-container\">\n\t\t\t\t\t\t\t\t\t<p style=\"text-align: center;\"><span style=\"text-decoration: underline;\"><span style=\"color: #dd4b40;\"><a style=\"color: #dd4b40; text-decoration: underline;\" href=\"https:\/\/www.dragonet.fr\/wp-content\/uploads\/2022\/06\/Mode-demploi-derniere-version.pdf\"><span class=\"rpd-p3 rpd-link anchor\">T\u00e9l\u00e9charger le tutoriel<\/span><\/a><\/span><\/span><\/p>\t\t\t\t\t\t\t\t<\/div>\n\t\t\t\t<\/div>\n\t\t\t\t\t<\/div>\n\t\t<\/div>\n\t\t\t\t\t<\/div>\n\t\t<\/section>\n\t\t\t\t<section class=\"elementor-section elementor-top-section elementor-element elementor-element-94b42bb elementor-section-boxed elementor-section-height-default elementor-section-height-default\" data-id=\"94b42bb\" data-element_type=\"section\" data-e-type=\"section\">\n\t\t\t\t\t\t<div class=\"elementor-container elementor-column-gap-default\">\n\t\t\t\t\t<div class=\"elementor-column elementor-col-100 elementor-top-column elementor-element elementor-element-3ab3c70\" data-id=\"3ab3c70\" data-element_type=\"column\" data-e-type=\"column\">\n\t\t\t<div class=\"elementor-widget-wrap elementor-element-populated\">\n\t\t\t\t\t\t<div class=\"elementor-element elementor-element-7f604b8 elementor-widget-divider--view-line elementor-widget elementor-widget-divider\" data-id=\"7f604b8\" data-element_type=\"widget\" data-e-type=\"widget\" data-widget_type=\"divider.default\">\n\t\t\t\t<div class=\"elementor-widget-container\">\n\t\t\t\t\t\t\t<div class=\"elementor-divider\">\n\t\t\t<span class=\"elementor-divider-separator\">\n\t\t\t\t\t\t<\/span>\n\t\t<\/div>\n\t\t\t\t\t\t<\/div>\n\t\t\t\t<\/div>\n\t\t\t\t\t<\/div>\n\t\t<\/div>\n\t\t\t\t\t<\/div>\n\t\t<\/section>\n\t\t\t\t<section class=\"elementor-section elementor-top-section elementor-element elementor-element-0ff7f10 elementor-section-boxed elementor-section-height-default elementor-section-height-default\" data-id=\"0ff7f10\" data-element_type=\"section\" data-e-type=\"section\">\n\t\t\t\t\t\t<div class=\"elementor-container elementor-column-gap-default\">\n\t\t\t\t\t<div class=\"elementor-column elementor-col-50 elementor-top-column elementor-element elementor-element-11e469f\" data-id=\"11e469f\" data-element_type=\"column\" data-e-type=\"column\">\n\t\t\t<div class=\"elementor-widget-wrap elementor-element-populated\">\n\t\t\t\t\t\t<div class=\"elementor-element elementor-element-fab4c59 elementor-widget elementor-widget-text-editor\" data-id=\"fab4c59\" data-element_type=\"widget\" data-e-type=\"widget\" data-widget_type=\"text-editor.default\">\n\t\t\t\t<div class=\"elementor-widget-container\">\n\t\t\t\t\t\t\t\t\t<p style=\"text-align: center;\"><span style=\"color: #dd4b40;\"><strong><span style=\"font-family: montserrat; font-size: 18pt;\"><span class=\"firstcolor\">Prise en<\/span> <span class=\"secondcolor \">charge<\/span><\/span><\/strong><\/span><\/p>\n<p style=\"text-align: center;\"><span style=\"font-family: montserrat;\">Apr\u00e8s avoir v\u00e9rifi\u00e9 les informations pour l&rsquo;acheminement des marchandises, nous pr\u00e9parons les bordereaux de transport.<\/span><\/p>\n<p style=\"text-align: center;\"><span style=\"font-family: montserrat;\"><strong>Nous nous assurons que tous les documents soient coh\u00e9rents<\/strong>, notamment pour le transport international.<\/span><\/p>\t\t\t\t\t\t\t\t<\/div>\n\t\t\t\t<\/div>\n\t\t\t\t\t<\/div>\n\t\t<\/div>\n\t\t\t\t<div class=\"elementor-column elementor-col-50 elementor-top-column elementor-element elementor-element-7dd8da0\" data-id=\"7dd8da0\" data-element_type=\"column\" data-e-type=\"column\">\n\t\t\t<div class=\"elementor-widget-wrap elementor-element-populated\">\n\t\t\t\t\t\t<div class=\"elementor-element elementor-element-24e70d6 elementor-widget elementor-widget-text-editor\" data-id=\"24e70d6\" data-element_type=\"widget\" data-e-type=\"widget\" data-widget_type=\"text-editor.default\">\n\t\t\t\t<div class=\"elementor-widget-container\">\n\t\t\t\t\t\t\t\t\t<p style=\"text-align: center;\"><span style=\"color: #dd4b40;\"><strong><span style=\"font-family: montserrat; font-size: 18pt;\"><span class=\"firstcolor\">Enl\u00e8vement,<\/span> <span class=\"secondcolor \">suivi, livraison<\/span><\/span><\/strong><\/span><\/p>\n<p style=\"text-align: center;\"><span style=\"font-family: montserrat;\"><strong>D\u00e8s l&rsquo;enl\u00e8vement de la marchandise, nous engageons notre responsabilit\u00e9 sur le transport<\/strong>. <\/span><\/p>\n<p style=\"text-align: center;\"><span style=\"font-family: montserrat;\">Nous suivons quotidiennement tous les colis jusqu&rsquo;\u00e0 l&rsquo;arriv\u00e9e chez le destinataire, et vous tenons inform\u00e9 de la date de livraison.<\/span><\/p>\t\t\t\t\t\t\t\t<\/div>\n\t\t\t\t<\/div>\n\t\t\t\t\t<\/div>\n\t\t<\/div>\n\t\t\t\t\t<\/div>\n\t\t<\/section>\n\t\t\t\t<section class=\"elementor-section elementor-top-section elementor-element elementor-element-15d8d56 elementor-section-boxed elementor-section-height-default elementor-section-height-default\" data-id=\"15d8d56\" data-element_type=\"section\" data-e-type=\"section\">\n\t\t\t\t\t\t<div class=\"elementor-container elementor-column-gap-default\">\n\t\t\t\t\t<div class=\"elementor-column elementor-col-50 elementor-top-column elementor-element elementor-element-d6e6bb0\" data-id=\"d6e6bb0\" data-element_type=\"column\" data-e-type=\"column\">\n\t\t\t<div class=\"elementor-widget-wrap elementor-element-populated\">\n\t\t\t\t\t\t<div class=\"elementor-element elementor-element-3ca1c1b elementor-widget elementor-widget-text-editor\" data-id=\"3ca1c1b\" data-element_type=\"widget\" data-e-type=\"widget\" data-widget_type=\"text-editor.default\">\n\t\t\t\t<div class=\"elementor-widget-container\">\n\t\t\t\t\t\t\t\t\t<h3 class=\"rpd-h4\" style=\"text-align: center;\"><span style=\"font-size: 18pt; color: #dd4b40;\"><strong><span style=\"font-family: montserrat;\">Mission op\u00e9rationnelle<\/span><\/strong><\/span><\/h3>\n<p style=\"text-align: center;\"><br \/><span style=\"font-family: montserrat; font-size: 12pt;\">Pour les exportations notre mission op\u00e9rationnelle est la m\u00eame que pour les importations, de l\u2019enl\u00e8vement \u00e0 la livraison. Apr\u00e8s avoir trait\u00e9 votre demande, nous sommes votre repr\u00e9sentant direct aupr\u00e8s du service client\u00e8le grands comptes du transporteur. Ce dernier est charg\u00e9 de faire suivre les op\u00e9rations en interne chez leurs homologues du pays en question.<\/span><\/p>\t\t\t\t\t\t\t\t<\/div>\n\t\t\t\t<\/div>\n\t\t\t\t\t<\/div>\n\t\t<\/div>\n\t\t\t\t<div class=\"elementor-column elementor-col-50 elementor-top-column elementor-element elementor-element-3ad6520\" data-id=\"3ad6520\" data-element_type=\"column\" data-e-type=\"column\">\n\t\t\t<div class=\"elementor-widget-wrap elementor-element-populated\">\n\t\t\t\t\t\t<div class=\"elementor-element elementor-element-23397c1 elementor-widget elementor-widget-text-editor\" data-id=\"23397c1\" data-element_type=\"widget\" data-e-type=\"widget\" data-widget_type=\"text-editor.default\">\n\t\t\t\t<div class=\"elementor-widget-container\">\n\t\t\t\t\t\t\t\t\t<h3 class=\"rpd-h4\" style=\"text-align: center;\"><span style=\"color: #dd4b40;\"><strong><span style=\"font-family: montserrat; font-size: 18pt;\">Gestion des modalit\u00e9s de douane<\/span><\/strong><\/span><\/h3>\n<p>\u00a0<\/p>\n<p style=\"text-align: center;\"><span style=\"font-family: montserrat;\">Pour les envois hors Espace Schengen, le destinataire en lien avec le transporteur devra s\u2019acquitter des \u00e9ventuels frais li\u00e9s au d\u00e9douanement <\/span><\/p>\n<p style=\"text-align: center;\"><span style=\"font-family: montserrat;\">(Sauf demande pr\u00e9alable en delivery Duty Paid de la part du client exp\u00e9diteur).<\/span><\/p>\t\t\t\t\t\t\t\t<\/div>\n\t\t\t\t<\/div>\n\t\t\t\t\t<\/div>\n\t\t<\/div>\n\t\t\t\t\t<\/div>\n\t\t<\/section>\n\t\t\t\t<\/div>\n\t\t","protected":false},"excerpt":{"rendered":"<p>D\u00e9roulement d&rsquo;un export de marchandises Demande en ligne Pour l&rsquo;export, votre demande de transport doit \u00eatre r\u00e9alis\u00e9e sur l&rsquo;interface en ligne Dragonet. Vous pouvez, si vous le souhaitez, nous contacter&hellip;<\/p>\n","protected":false},"author":1,"featured_media":0,"parent":0,"menu_order":0,"comment_status":"closed","ping_status":"closed","template":"","meta":{"footnotes":""},"class_list":["post-77","page","type-page","status-publish","hentry"],"yoast_head":"<!-- This site is optimized with the Yoast SEO plugin v27.5 - https:\/\/yoast.com\/product\/yoast-seo-wordpress\/ -->\n<title>Export - Dragonet.fr<\/title>\n<meta name=\"robots\" content=\"index, follow, max-snippet:-1, max-image-preview:large, max-video-preview:-1\" \/>\n<link rel=\"canonical\" href=\"https:\/\/www.dragonet.fr\/index.php\/export\/\" \/>\n<meta property=\"og:locale\" content=\"fr_FR\" \/>\n<meta property=\"og:type\" content=\"article\" \/>\n<meta property=\"og:title\" content=\"Export - Dragonet.fr\" \/>\n<meta property=\"og:description\" content=\"D\u00e9roulement d&rsquo;un export de marchandises Demande en ligne Pour l&rsquo;export, votre demande de transport doit \u00eatre r\u00e9alis\u00e9e sur l&rsquo;interface en ligne Dragonet. Vous pouvez, si vous le souhaitez, nous contacter&hellip;\" \/>\n<meta property=\"og:url\" content=\"https:\/\/www.dragonet.fr\/index.php\/export\/\" \/>\n<meta property=\"og:site_name\" content=\"Dragonet.fr\" \/>\n<meta property=\"article:modified_time\" content=\"2022-06-10T07:29:20+00:00\" \/>\n<meta name=\"twitter:card\" content=\"summary_large_image\" \/>\n<meta name=\"twitter:label1\" content=\"Dur\u00e9e de lecture estim\u00e9e\" \/>\n\t<meta name=\"twitter:data1\" content=\"2 minutes\" \/>\n<script type=\"application\/ld+json\" class=\"yoast-schema-graph\">{\"@context\":\"https:\\\/\\\/schema.org\",\"@graph\":[{\"@type\":\"WebPage\",\"@id\":\"https:\\\/\\\/www.dragonet.fr\\\/index.php\\\/export\\\/\",\"url\":\"https:\\\/\\\/www.dragonet.fr\\\/index.php\\\/export\\\/\",\"name\":\"Export - Dragonet.fr\",\"isPartOf\":{\"@id\":\"https:\\\/\\\/www.dragonet.fr\\\/#website\"},\"datePublished\":\"2022-06-02T18:49:20+00:00\",\"dateModified\":\"2022-06-10T07:29:20+00:00\",\"breadcrumb\":{\"@id\":\"https:\\\/\\\/www.dragonet.fr\\\/index.php\\\/export\\\/#breadcrumb\"},\"inLanguage\":\"fr-FR\",\"potentialAction\":[{\"@type\":\"ReadAction\",\"target\":[\"https:\\\/\\\/www.dragonet.fr\\\/index.php\\\/export\\\/\"]}]},{\"@type\":\"BreadcrumbList\",\"@id\":\"https:\\\/\\\/www.dragonet.fr\\\/index.php\\\/export\\\/#breadcrumb\",\"itemListElement\":[{\"@type\":\"ListItem\",\"position\":1,\"name\":\"Accueil\",\"item\":\"https:\\\/\\\/www.dragonet.fr\\\/\"},{\"@type\":\"ListItem\",\"position\":2,\"name\":\"Export\"}]},{\"@type\":\"WebSite\",\"@id\":\"https:\\\/\\\/www.dragonet.fr\\\/#website\",\"url\":\"https:\\\/\\\/www.dragonet.fr\\\/\",\"name\":\"Dragonet.fr\",\"description\":\"\",\"publisher\":{\"@id\":\"https:\\\/\\\/www.dragonet.fr\\\/#organization\"},\"potentialAction\":[{\"@type\":\"SearchAction\",\"target\":{\"@type\":\"EntryPoint\",\"urlTemplate\":\"https:\\\/\\\/www.dragonet.fr\\\/?s={search_term_string}\"},\"query-input\":{\"@type\":\"PropertyValueSpecification\",\"valueRequired\":true,\"valueName\":\"search_term_string\"}}],\"inLanguage\":\"fr-FR\"},{\"@type\":\"Organization\",\"@id\":\"https:\\\/\\\/www.dragonet.fr\\\/#organization\",\"name\":\"Dragonet.fr\",\"url\":\"https:\\\/\\\/www.dragonet.fr\\\/\",\"logo\":{\"@type\":\"ImageObject\",\"inLanguage\":\"fr-FR\",\"@id\":\"https:\\\/\\\/www.dragonet.fr\\\/#\\\/schema\\\/logo\\\/image\\\/\",\"url\":\"https:\\\/\\\/www.dragonet.fr\\\/wp-content\\\/uploads\\\/2022\\\/06\\\/DRAGONET-250-218.png\",\"contentUrl\":\"https:\\\/\\\/www.dragonet.fr\\\/wp-content\\\/uploads\\\/2022\\\/06\\\/DRAGONET-250-218.png\",\"width\":250,\"height\":218,\"caption\":\"Dragonet.fr\"},\"image\":{\"@id\":\"https:\\\/\\\/www.dragonet.fr\\\/#\\\/schema\\\/logo\\\/image\\\/\"}}]}<\/script>\n<!-- \/ Yoast SEO plugin. -->","yoast_head_json":{"title":"Export - Dragonet.fr","robots":{"index":"index","follow":"follow","max-snippet":"max-snippet:-1","max-image-preview":"max-image-preview:large","max-video-preview":"max-video-preview:-1"},"canonical":"https:\/\/www.dragonet.fr\/index.php\/export\/","og_locale":"fr_FR","og_type":"article","og_title":"Export - Dragonet.fr","og_description":"D\u00e9roulement d&rsquo;un export de marchandises Demande en ligne Pour l&rsquo;export, votre demande de transport doit \u00eatre r\u00e9alis\u00e9e sur l&rsquo;interface en ligne Dragonet. Vous pouvez, si vous le souhaitez, nous contacter&hellip;","og_url":"https:\/\/www.dragonet.fr\/index.php\/export\/","og_site_name":"Dragonet.fr","article_modified_time":"2022-06-10T07:29:20+00:00","twitter_card":"summary_large_image","twitter_misc":{"Dur\u00e9e de lecture estim\u00e9e":"2 minutes"},"schema":{"@context":"https:\/\/schema.org","@graph":[{"@type":"WebPage","@id":"https:\/\/www.dragonet.fr\/index.php\/export\/","url":"https:\/\/www.dragonet.fr\/index.php\/export\/","name":"Export - Dragonet.fr","isPartOf":{"@id":"https:\/\/www.dragonet.fr\/#website"},"datePublished":"2022-06-02T18:49:20+00:00","dateModified":"2022-06-10T07:29:20+00:00","breadcrumb":{"@id":"https:\/\/www.dragonet.fr\/index.php\/export\/#breadcrumb"},"inLanguage":"fr-FR","potentialAction":[{"@type":"ReadAction","target":["https:\/\/www.dragonet.fr\/index.php\/export\/"]}]},{"@type":"BreadcrumbList","@id":"https:\/\/www.dragonet.fr\/index.php\/export\/#breadcrumb","itemListElement":[{"@type":"ListItem","position":1,"name":"Accueil","item":"https:\/\/www.dragonet.fr\/"},{"@type":"ListItem","position":2,"name":"Export"}]},{"@type":"WebSite","@id":"https:\/\/www.dragonet.fr\/#website","url":"https:\/\/www.dragonet.fr\/","name":"Dragonet.fr","description":"","publisher":{"@id":"https:\/\/www.dragonet.fr\/#organization"},"potentialAction":[{"@type":"SearchAction","target":{"@type":"EntryPoint","urlTemplate":"https:\/\/www.dragonet.fr\/?s={search_term_string}"},"query-input":{"@type":"PropertyValueSpecification","valueRequired":true,"valueName":"search_term_string"}}],"inLanguage":"fr-FR"},{"@type":"Organization","@id":"https:\/\/www.dragonet.fr\/#organization","name":"Dragonet.fr","url":"https:\/\/www.dragonet.fr\/","logo":{"@type":"ImageObject","inLanguage":"fr-FR","@id":"https:\/\/www.dragonet.fr\/#\/schema\/logo\/image\/","url":"https:\/\/www.dragonet.fr\/wp-content\/uploads\/2022\/06\/DRAGONET-250-218.png","contentUrl":"https:\/\/www.dragonet.fr\/wp-content\/uploads\/2022\/06\/DRAGONET-250-218.png","width":250,"height":218,"caption":"Dragonet.fr"},"image":{"@id":"https:\/\/www.dragonet.fr\/#\/schema\/logo\/image\/"}}]}},"_links":{"self":[{"href":"https:\/\/www.dragonet.fr\/index.php\/wp-json\/wp\/v2\/pages\/77","targetHints":{"allow":["GET"]}}],"collection":[{"href":"https:\/\/www.dragonet.fr\/index.php\/wp-json\/wp\/v2\/pages"}],"about":[{"href":"https:\/\/www.dragonet.fr\/index.php\/wp-json\/wp\/v2\/types\/page"}],"author":[{"embeddable":true,"href":"https:\/\/www.dragonet.fr\/index.php\/wp-json\/wp\/v2\/users\/1"}],"replies":[{"embeddable":true,"href":"https:\/\/www.dragonet.fr\/index.php\/wp-json\/wp\/v2\/comments?post=77"}],"version-history":[{"count":31,"href":"https:\/\/www.dragonet.fr\/index.php\/wp-json\/wp\/v2\/pages\/77\/revisions"}],"predecessor-version":[{"id":577,"href":"https:\/\/www.dragonet.fr\/index.php\/wp-json\/wp\/v2\/pages\/77\/revisions\/577"}],"wp:attachment":[{"href":"https:\/\/www.dragonet.fr\/index.php\/wp-json\/wp\/v2\/media?parent=77"}],"curies":[{"name":"wp","href":"https:\/\/api.w.org\/{rel}","templated":true}]}}