{"id":73,"date":"2022-06-02T20:39:47","date_gmt":"2022-06-02T18:39:47","guid":{"rendered":"https:\/\/www.dragonet.fr\/?page_id=73"},"modified":"2022-06-13T11:59:47","modified_gmt":"2022-06-13T09:59:47","slug":"import","status":"publish","type":"page","link":"https:\/\/www.dragonet.fr\/index.php\/import\/","title":{"rendered":"Import"},"content":{"rendered":"\t\t<div data-elementor-type=\"wp-page\" data-elementor-id=\"73\" class=\"elementor elementor-73\">\n\t\t\t\t\t\t<section class=\"elementor-section elementor-top-section elementor-element elementor-element-49c2be2 elementor-section-boxed elementor-section-height-default elementor-section-height-default\" data-id=\"49c2be2\" data-element_type=\"section\" data-e-type=\"section\">\n\t\t\t\t\t\t<div class=\"elementor-container elementor-column-gap-default\">\n\t\t\t\t\t<div class=\"elementor-column elementor-col-100 elementor-top-column elementor-element elementor-element-7c66140\" data-id=\"7c66140\" data-element_type=\"column\" data-e-type=\"column\">\n\t\t\t<div class=\"elementor-widget-wrap elementor-element-populated\">\n\t\t\t\t\t\t<div class=\"elementor-element elementor-element-ab2a516 elementor-widget elementor-widget-text-editor\" data-id=\"ab2a516\" data-element_type=\"widget\" data-e-type=\"widget\" data-widget_type=\"text-editor.default\">\n\t\t\t\t<div class=\"elementor-widget-container\">\n\t\t\t\t\t\t\t\t\t<h3 style=\"text-align: center;\"><span style=\"font-family: americorps-laser; font-size: 24pt; color: #dd4b40;\">D\u00e9roulement d&rsquo;un <\/span><\/h3><h3 style=\"text-align: center;\"><span style=\"font-family: americorps-laser; font-size: 24pt; color: #dd4b40;\">import de marchandises<\/span><\/h3>\t\t\t\t\t\t\t\t<\/div>\n\t\t\t\t<\/div>\n\t\t\t\t\t<\/div>\n\t\t<\/div>\n\t\t\t\t\t<\/div>\n\t\t<\/section>\n\t\t\t\t<section class=\"elementor-section elementor-top-section elementor-element elementor-element-09b9682 elementor-section-boxed elementor-section-height-default elementor-section-height-default\" data-id=\"09b9682\" data-element_type=\"section\" data-e-type=\"section\">\n\t\t\t\t\t\t<div class=\"elementor-container elementor-column-gap-default\">\n\t\t\t\t\t<div class=\"elementor-column elementor-col-100 elementor-top-column elementor-element elementor-element-93e7169\" data-id=\"93e7169\" data-element_type=\"column\" data-e-type=\"column\">\n\t\t\t<div class=\"elementor-widget-wrap elementor-element-populated\">\n\t\t\t\t\t\t<div class=\"elementor-element elementor-element-569e71a elementor-widget-divider--view-line elementor-widget elementor-widget-divider\" data-id=\"569e71a\" data-element_type=\"widget\" data-e-type=\"widget\" data-widget_type=\"divider.default\">\n\t\t\t\t<div class=\"elementor-widget-container\">\n\t\t\t\t\t\t\t<div class=\"elementor-divider\">\n\t\t\t<span class=\"elementor-divider-separator\">\n\t\t\t\t\t\t<\/span>\n\t\t<\/div>\n\t\t\t\t\t\t<\/div>\n\t\t\t\t<\/div>\n\t\t\t\t\t<\/div>\n\t\t<\/div>\n\t\t\t\t\t<\/div>\n\t\t<\/section>\n\t\t\t\t<section class=\"elementor-section elementor-top-section elementor-element elementor-element-d9d4263 elementor-section-boxed elementor-section-height-default elementor-section-height-default\" data-id=\"d9d4263\" data-element_type=\"section\" data-e-type=\"section\">\n\t\t\t\t\t\t<div class=\"elementor-container elementor-column-gap-default\">\n\t\t\t\t\t<div class=\"elementor-column elementor-col-50 elementor-top-column elementor-element elementor-element-fe2b46f\" data-id=\"fe2b46f\" data-element_type=\"column\" data-e-type=\"column\">\n\t\t\t<div class=\"elementor-widget-wrap elementor-element-populated\">\n\t\t\t\t\t\t<div class=\"elementor-element elementor-element-a808cfb elementor-widget elementor-widget-text-editor\" data-id=\"a808cfb\" data-element_type=\"widget\" data-e-type=\"widget\" data-widget_type=\"text-editor.default\">\n\t\t\t\t<div class=\"elementor-widget-container\">\n\t\t\t\t\t\t\t\t\t<h4 style=\"text-align: center;\"><strong><span style=\"font-size: 18pt; font-family: montserrat;\">Demande par mail<\/span><\/strong><\/h4>\n<p style=\"text-align: center;\"><span style=\"font-family: montserrat;\">Contactez-nous par mail \u00e0 l&rsquo;adresse:<\/span><\/p>\n<p style=\"text-align: center;\"><span style=\"font-family: montserrat;\"><a href=\"mailto:import@dragonet.fr\" target=\"_blank\" rel=\"noreferrer noopener\"style=\"color: #dd4b40\";>import@dragonet.fr<\/a> <\/span><\/p>\n<p style=\"text-align: center;\"><span style=\"font-family: montserrat;\">Et laissez-vous guider en indiquant:<\/span><\/p>\n\n<ul style=\"text-align: center;\">\n \t<li><span style=\"font-family: montserrat;\">Les <strong>coordonn\u00e9es de l&rsquo;exp\u00e9diteur<\/strong><\/span>\n<ul>\n \t<li><span style=\"font-family: montserrat; font-size: 10pt;\">Nom \/ <\/span><span style=\"font-family: montserrat; font-size: 10pt;\">Mail \/ <\/span><span style=\"font-family: montserrat; font-size: 10pt;\">Tel \/ <\/span><span style=\"font-family: montserrat; font-size: 10pt;\">Adresse<\/span><\/li>\n<\/ul>\n<\/li>\n<\/ul>\n<ul>\n \t<li style=\"text-align: center;\"><span style=\"font-family: montserrat;\">Le <strong>d\u00e9tail du colis \u00e0 enlever<\/strong>.<\/span><\/li>\n<\/ul>\t\t\t\t\t\t\t\t<\/div>\n\t\t\t\t<\/div>\n\t\t\t\t\t<\/div>\n\t\t<\/div>\n\t\t\t\t<div class=\"elementor-column elementor-col-50 elementor-top-column elementor-element elementor-element-118591a\" data-id=\"118591a\" data-element_type=\"column\" data-e-type=\"column\">\n\t\t\t<div class=\"elementor-widget-wrap elementor-element-populated\">\n\t\t\t\t\t\t<div class=\"elementor-element elementor-element-0f269df elementor-widget elementor-widget-text-editor\" data-id=\"0f269df\" data-element_type=\"widget\" data-e-type=\"widget\" data-widget_type=\"text-editor.default\">\n\t\t\t\t<div class=\"elementor-widget-container\">\n\t\t\t\t\t\t\t\t\t<h4 style=\"text-align: center;\"><strong><span style=\"font-family: montserrat; font-size: 18pt;\">Demande en ligne<\/span><\/strong><\/h4>\n<p style=\"text-align: center;\"><span style=\"font-family: montserrat;\">Votre demande d&rsquo;import peut \u00eatre r\u00e9alis\u00e9e <strong>directement sur notre plateforme en ligne!<\/strong><\/span><\/p>\n<p style=\"text-align: center;\"><span style=\"font-family: montserrat;\">Simple, Facile <strong>et<\/strong> Rapide:<\/span><\/p>\n<p style=\"text-align: center;\"><span style=\"font-family: montserrat;\">Connectez-vous et saisissez votre demande d&rsquo;enl\u00e8vement.<\/span><\/p>\t\t\t\t\t\t\t\t<\/div>\n\t\t\t\t<\/div>\n\t\t\t\t<div class=\"elementor-element elementor-element-72342c3 elementor-align-center elementor-widget elementor-widget-button\" data-id=\"72342c3\" data-element_type=\"widget\" data-e-type=\"widget\" data-widget_type=\"button.default\">\n\t\t\t\t<div class=\"elementor-widget-container\">\n\t\t\t\t\t\t\t\t\t<div class=\"elementor-button-wrapper\">\n\t\t\t\t\t<a class=\"elementor-button elementor-button-link elementor-size-sm elementor-animation-grow\" href=\"http:\/\/www.simplyline.net\/SimplyWeb?client=dragonet\">\n\t\t\t\t\t\t<span class=\"elementor-button-content-wrapper\">\n\t\t\t\t\t\t<span class=\"elementor-button-icon\">\n\t\t\t\t<i aria-hidden=\"true\" class=\"fas fa-plane-arrival\"><\/i>\t\t\t<\/span>\n\t\t\t\t\t\t\t\t\t<span class=\"elementor-button-text\">Commande d'import<\/span>\n\t\t\t\t\t<\/span>\n\t\t\t\t\t<\/a>\n\t\t\t\t<\/div>\n\t\t\t\t\t\t\t\t<\/div>\n\t\t\t\t<\/div>\n\t\t\t\t<div class=\"elementor-element elementor-element-ead9e43 elementor-widget elementor-widget-text-editor\" data-id=\"ead9e43\" data-element_type=\"widget\" data-e-type=\"widget\" data-widget_type=\"text-editor.default\">\n\t\t\t\t<div class=\"elementor-widget-container\">\n\t\t\t\t\t\t\t\t\t<p style=\"text-align: center;\"><a href=\"https:\/\/www.dragonet.fr\/wp-content\/uploads\/2022\/06\/Mode-demploi-derniere-version.pdf\"><span style=\"color: #dd4b40;\"><span style=\"text-decoration: underline;\">Mode d&#8217;emploi<\/span><\/span><\/a><\/p>\t\t\t\t\t\t\t\t<\/div>\n\t\t\t\t<\/div>\n\t\t\t\t\t<\/div>\n\t\t<\/div>\n\t\t\t\t\t<\/div>\n\t\t<\/section>\n\t\t\t\t<section class=\"elementor-section elementor-top-section elementor-element elementor-element-12e1c38 elementor-section-boxed elementor-section-height-default elementor-section-height-default\" data-id=\"12e1c38\" data-element_type=\"section\" data-e-type=\"section\">\n\t\t\t\t\t\t<div class=\"elementor-container elementor-column-gap-default\">\n\t\t\t\t\t<div class=\"elementor-column elementor-col-100 elementor-top-column elementor-element elementor-element-d9d8992\" data-id=\"d9d8992\" data-element_type=\"column\" data-e-type=\"column\">\n\t\t\t<div class=\"elementor-widget-wrap elementor-element-populated\">\n\t\t\t\t\t\t<div class=\"elementor-element elementor-element-8cbdc97 elementor-widget-divider--view-line elementor-widget elementor-widget-divider\" data-id=\"8cbdc97\" data-element_type=\"widget\" data-e-type=\"widget\" data-widget_type=\"divider.default\">\n\t\t\t\t<div class=\"elementor-widget-container\">\n\t\t\t\t\t\t\t<div class=\"elementor-divider\">\n\t\t\t<span class=\"elementor-divider-separator\">\n\t\t\t\t\t\t<\/span>\n\t\t<\/div>\n\t\t\t\t\t\t<\/div>\n\t\t\t\t<\/div>\n\t\t\t\t\t<\/div>\n\t\t<\/div>\n\t\t\t\t\t<\/div>\n\t\t<\/section>\n\t\t\t\t<section class=\"elementor-section elementor-top-section elementor-element elementor-element-b392c26 elementor-section-boxed elementor-section-height-default elementor-section-height-default\" data-id=\"b392c26\" data-element_type=\"section\" data-e-type=\"section\">\n\t\t\t\t\t\t<div class=\"elementor-container elementor-column-gap-default\">\n\t\t\t\t\t<div class=\"elementor-column elementor-col-50 elementor-top-column elementor-element elementor-element-0c2c7ea\" data-id=\"0c2c7ea\" data-element_type=\"column\" data-e-type=\"column\">\n\t\t\t<div class=\"elementor-widget-wrap elementor-element-populated\">\n\t\t\t\t\t\t<div class=\"elementor-element elementor-element-6438d63 elementor-widget elementor-widget-text-editor\" data-id=\"6438d63\" data-element_type=\"widget\" data-e-type=\"widget\" data-widget_type=\"text-editor.default\">\n\t\t\t\t<div class=\"elementor-widget-container\">\n\t\t\t\t\t\t\t\t\t<h4 style=\"text-align: center;\"><span style=\"font-family: montserrat; font-size: 18pt; color: #dd4b40;\">Prise en charge<\/span><\/h4><p style=\"text-align: center;\"><span style=\"font-family: montserrat;\">Apr\u00e8s avoir\u00a0re\u00e7u les informations relatives \u00e0 votre demande de transport, nous pr\u00e9parons les bordereaux de transport. <\/span><\/p><p style=\"text-align: center;\"><span style=\"font-family: montserrat;\"><strong>Nous nous assurons que tous les documents soient coh\u00e9rents<\/strong>, notamment pour le transport international.<\/span><\/p>\t\t\t\t\t\t\t\t<\/div>\n\t\t\t\t<\/div>\n\t\t\t\t\t<\/div>\n\t\t<\/div>\n\t\t\t\t<div class=\"elementor-column elementor-col-50 elementor-top-column elementor-element elementor-element-1079cfb\" data-id=\"1079cfb\" data-element_type=\"column\" data-e-type=\"column\">\n\t\t\t<div class=\"elementor-widget-wrap elementor-element-populated\">\n\t\t\t\t\t\t<div class=\"elementor-element elementor-element-a1744fe elementor-widget elementor-widget-text-editor\" data-id=\"a1744fe\" data-element_type=\"widget\" data-e-type=\"widget\" data-widget_type=\"text-editor.default\">\n\t\t\t\t<div class=\"elementor-widget-container\">\n\t\t\t\t\t\t\t\t\t<h4 style=\"text-align: center;\"><span style=\"color: #dd4b40;\"><strong><span style=\"font-family: montserrat; font-size: 18pt;\">Enl\u00e8vement, suivi, livraison<\/span><\/strong><\/span><\/h4><p style=\"text-align: center;\"><span style=\"font-family: montserrat;\"><span style=\"font-size: 14pt;\"><strong>D\u00e8s l&rsquo;enl\u00e8vement de la marchandise, nous engageons notre responsabilit\u00e9 sur le transport<\/strong><\/span>. <\/span><\/p><p style=\"text-align: center;\"><span style=\"font-family: montserrat;\">Nous suivons quotidiennement tous les colis jusqu&rsquo;\u00e0 l&rsquo;arriv\u00e9e chez le destinataire, afin de garantir un transport de qualit\u00e9.<\/span><\/p>\t\t\t\t\t\t\t\t<\/div>\n\t\t\t\t<\/div>\n\t\t\t\t\t<\/div>\n\t\t<\/div>\n\t\t\t\t\t<\/div>\n\t\t<\/section>\n\t\t\t\t<section class=\"elementor-section elementor-top-section elementor-element elementor-element-18d65e2 elementor-section-boxed elementor-section-height-default elementor-section-height-default\" data-id=\"18d65e2\" data-element_type=\"section\" data-e-type=\"section\">\n\t\t\t\t\t\t<div class=\"elementor-container elementor-column-gap-default\">\n\t\t\t\t\t<div class=\"elementor-column elementor-col-50 elementor-top-column elementor-element elementor-element-9b5d926\" data-id=\"9b5d926\" data-element_type=\"column\" data-e-type=\"column\">\n\t\t\t<div class=\"elementor-widget-wrap elementor-element-populated\">\n\t\t\t\t\t\t<div class=\"elementor-element elementor-element-41b34c1 elementor-widget elementor-widget-text-editor\" data-id=\"41b34c1\" data-element_type=\"widget\" data-e-type=\"widget\" data-widget_type=\"text-editor.default\">\n\t\t\t\t<div class=\"elementor-widget-container\">\n\t\t\t\t\t\t\t\t\t<h4 style=\"text-align: center;\"><span style=\"font-size: 14pt; font-family: montserrat; color: #dd4b40;\">Dragonet s&rsquo;occupe de tout<\/span><\/h4>\n<p style=\"text-align: center;\">\u00a0<\/p>\n<p style=\"text-align: center;\">Les modalit\u00e9s de l&rsquo;enl\u00e8vement sont transmises \u00e0 l&rsquo;exp\u00e9diteur et au transporteur pour que tout soit pr\u00eat et op\u00e9rationnel le jour J.<\/p>\n<p style=\"text-align: center;\">En copie des \u00e9changes, vous\u00a0pouvez suivre de pr\u00e8s votre dossier et pouvez intervenir en cas de besoin.<\/p>\t\t\t\t\t\t\t\t<\/div>\n\t\t\t\t<\/div>\n\t\t\t\t\t<\/div>\n\t\t<\/div>\n\t\t\t\t<div class=\"elementor-column elementor-col-50 elementor-top-column elementor-element elementor-element-7225ae8\" data-id=\"7225ae8\" data-element_type=\"column\" data-e-type=\"column\">\n\t\t\t<div class=\"elementor-widget-wrap elementor-element-populated\">\n\t\t\t\t\t\t<div class=\"elementor-element elementor-element-33e8cd7 elementor-widget elementor-widget-text-editor\" data-id=\"33e8cd7\" data-element_type=\"widget\" data-e-type=\"widget\" data-widget_type=\"text-editor.default\">\n\t\t\t\t<div class=\"elementor-widget-container\">\n\t\t\t\t\t\t\t\t\t<h4 style=\"text-align: center;\"><span style=\"font-family: montserrat; color: #dd4b40; font-size: 14pt;\">Gestion des modalit\u00e9s de douane<\/span><\/h4>\n<p style=\"text-align: center;\">\u00a0<\/p>\n<p style=\"text-align: center;\"><span style=\"font-family: montserrat;\">Nous intervenons sur les probl\u00e9matiques de d\u00e9claration de douane pour faciliter vos d\u00e9marches. <\/span><\/p>\n<p style=\"text-align: center;\"><span style=\"font-family: montserrat;\">Nous veillons au bon d\u00e9roulement du d\u00e9douanement en faisant suivre vos instructions aux diff\u00e9rents services de d\u00e9claration de douane (tarification pr\u00e9f\u00e9rentielle, origine de marchandise, Autoliquidation de TVA).<\/span><\/p>\t\t\t\t\t\t\t\t<\/div>\n\t\t\t\t<\/div>\n\t\t\t\t\t<\/div>\n\t\t<\/div>\n\t\t\t\t\t<\/div>\n\t\t<\/section>\n\t\t\t\t<\/div>\n\t\t","protected":false},"excerpt":{"rendered":"<p>D\u00e9roulement d&rsquo;un import de marchandises Demande par mail Contactez-nous par mail \u00e0 l&rsquo;adresse: import@dragonet.fr Et laissez-vous guider en indiquant: Les coordonn\u00e9es de l&rsquo;exp\u00e9diteur Nom \/ Mail \/ Tel \/ Adresse&hellip;<\/p>\n","protected":false},"author":1,"featured_media":0,"parent":0,"menu_order":0,"comment_status":"closed","ping_status":"closed","template":"","meta":{"footnotes":""},"class_list":["post-73","page","type-page","status-publish","hentry"],"yoast_head":"<!-- This site is optimized with the Yoast SEO plugin v27.5 - https:\/\/yoast.com\/product\/yoast-seo-wordpress\/ -->\n<title>Import - Dragonet.fr<\/title>\n<meta name=\"robots\" content=\"index, follow, max-snippet:-1, max-image-preview:large, max-video-preview:-1\" \/>\n<link rel=\"canonical\" href=\"https:\/\/www.dragonet.fr\/index.php\/import\/\" \/>\n<meta property=\"og:locale\" content=\"fr_FR\" \/>\n<meta property=\"og:type\" content=\"article\" \/>\n<meta property=\"og:title\" content=\"Import - Dragonet.fr\" \/>\n<meta property=\"og:description\" content=\"D\u00e9roulement d&rsquo;un import de marchandises Demande par mail Contactez-nous par mail \u00e0 l&rsquo;adresse: import@dragonet.fr Et laissez-vous guider en indiquant: Les coordonn\u00e9es de l&rsquo;exp\u00e9diteur Nom \/ Mail \/ Tel \/ Adresse&hellip;\" \/>\n<meta property=\"og:url\" content=\"https:\/\/www.dragonet.fr\/index.php\/import\/\" \/>\n<meta property=\"og:site_name\" content=\"Dragonet.fr\" \/>\n<meta property=\"article:modified_time\" content=\"2022-06-13T09:59:47+00:00\" \/>\n<meta name=\"twitter:card\" content=\"summary_large_image\" \/>\n<meta name=\"twitter:label1\" content=\"Dur\u00e9e de lecture estim\u00e9e\" \/>\n\t<meta name=\"twitter:data1\" content=\"2 minutes\" \/>\n<script type=\"application\/ld+json\" class=\"yoast-schema-graph\">{\"@context\":\"https:\\\/\\\/schema.org\",\"@graph\":[{\"@type\":\"WebPage\",\"@id\":\"https:\\\/\\\/www.dragonet.fr\\\/index.php\\\/import\\\/\",\"url\":\"https:\\\/\\\/www.dragonet.fr\\\/index.php\\\/import\\\/\",\"name\":\"Import - Dragonet.fr\",\"isPartOf\":{\"@id\":\"https:\\\/\\\/www.dragonet.fr\\\/#website\"},\"datePublished\":\"2022-06-02T18:39:47+00:00\",\"dateModified\":\"2022-06-13T09:59:47+00:00\",\"breadcrumb\":{\"@id\":\"https:\\\/\\\/www.dragonet.fr\\\/index.php\\\/import\\\/#breadcrumb\"},\"inLanguage\":\"fr-FR\",\"potentialAction\":[{\"@type\":\"ReadAction\",\"target\":[\"https:\\\/\\\/www.dragonet.fr\\\/index.php\\\/import\\\/\"]}]},{\"@type\":\"BreadcrumbList\",\"@id\":\"https:\\\/\\\/www.dragonet.fr\\\/index.php\\\/import\\\/#breadcrumb\",\"itemListElement\":[{\"@type\":\"ListItem\",\"position\":1,\"name\":\"Accueil\",\"item\":\"https:\\\/\\\/www.dragonet.fr\\\/\"},{\"@type\":\"ListItem\",\"position\":2,\"name\":\"Import\"}]},{\"@type\":\"WebSite\",\"@id\":\"https:\\\/\\\/www.dragonet.fr\\\/#website\",\"url\":\"https:\\\/\\\/www.dragonet.fr\\\/\",\"name\":\"Dragonet.fr\",\"description\":\"\",\"publisher\":{\"@id\":\"https:\\\/\\\/www.dragonet.fr\\\/#organization\"},\"potentialAction\":[{\"@type\":\"SearchAction\",\"target\":{\"@type\":\"EntryPoint\",\"urlTemplate\":\"https:\\\/\\\/www.dragonet.fr\\\/?s={search_term_string}\"},\"query-input\":{\"@type\":\"PropertyValueSpecification\",\"valueRequired\":true,\"valueName\":\"search_term_string\"}}],\"inLanguage\":\"fr-FR\"},{\"@type\":\"Organization\",\"@id\":\"https:\\\/\\\/www.dragonet.fr\\\/#organization\",\"name\":\"Dragonet.fr\",\"url\":\"https:\\\/\\\/www.dragonet.fr\\\/\",\"logo\":{\"@type\":\"ImageObject\",\"inLanguage\":\"fr-FR\",\"@id\":\"https:\\\/\\\/www.dragonet.fr\\\/#\\\/schema\\\/logo\\\/image\\\/\",\"url\":\"https:\\\/\\\/www.dragonet.fr\\\/wp-content\\\/uploads\\\/2022\\\/06\\\/DRAGONET-250-218.png\",\"contentUrl\":\"https:\\\/\\\/www.dragonet.fr\\\/wp-content\\\/uploads\\\/2022\\\/06\\\/DRAGONET-250-218.png\",\"width\":250,\"height\":218,\"caption\":\"Dragonet.fr\"},\"image\":{\"@id\":\"https:\\\/\\\/www.dragonet.fr\\\/#\\\/schema\\\/logo\\\/image\\\/\"}}]}<\/script>\n<!-- \/ Yoast SEO plugin. -->","yoast_head_json":{"title":"Import - Dragonet.fr","robots":{"index":"index","follow":"follow","max-snippet":"max-snippet:-1","max-image-preview":"max-image-preview:large","max-video-preview":"max-video-preview:-1"},"canonical":"https:\/\/www.dragonet.fr\/index.php\/import\/","og_locale":"fr_FR","og_type":"article","og_title":"Import - Dragonet.fr","og_description":"D\u00e9roulement d&rsquo;un import de marchandises Demande par mail Contactez-nous par mail \u00e0 l&rsquo;adresse: import@dragonet.fr Et laissez-vous guider en indiquant: Les coordonn\u00e9es de l&rsquo;exp\u00e9diteur Nom \/ Mail \/ Tel \/ Adresse&hellip;","og_url":"https:\/\/www.dragonet.fr\/index.php\/import\/","og_site_name":"Dragonet.fr","article_modified_time":"2022-06-13T09:59:47+00:00","twitter_card":"summary_large_image","twitter_misc":{"Dur\u00e9e de lecture estim\u00e9e":"2 minutes"},"schema":{"@context":"https:\/\/schema.org","@graph":[{"@type":"WebPage","@id":"https:\/\/www.dragonet.fr\/index.php\/import\/","url":"https:\/\/www.dragonet.fr\/index.php\/import\/","name":"Import - Dragonet.fr","isPartOf":{"@id":"https:\/\/www.dragonet.fr\/#website"},"datePublished":"2022-06-02T18:39:47+00:00","dateModified":"2022-06-13T09:59:47+00:00","breadcrumb":{"@id":"https:\/\/www.dragonet.fr\/index.php\/import\/#breadcrumb"},"inLanguage":"fr-FR","potentialAction":[{"@type":"ReadAction","target":["https:\/\/www.dragonet.fr\/index.php\/import\/"]}]},{"@type":"BreadcrumbList","@id":"https:\/\/www.dragonet.fr\/index.php\/import\/#breadcrumb","itemListElement":[{"@type":"ListItem","position":1,"name":"Accueil","item":"https:\/\/www.dragonet.fr\/"},{"@type":"ListItem","position":2,"name":"Import"}]},{"@type":"WebSite","@id":"https:\/\/www.dragonet.fr\/#website","url":"https:\/\/www.dragonet.fr\/","name":"Dragonet.fr","description":"","publisher":{"@id":"https:\/\/www.dragonet.fr\/#organization"},"potentialAction":[{"@type":"SearchAction","target":{"@type":"EntryPoint","urlTemplate":"https:\/\/www.dragonet.fr\/?s={search_term_string}"},"query-input":{"@type":"PropertyValueSpecification","valueRequired":true,"valueName":"search_term_string"}}],"inLanguage":"fr-FR"},{"@type":"Organization","@id":"https:\/\/www.dragonet.fr\/#organization","name":"Dragonet.fr","url":"https:\/\/www.dragonet.fr\/","logo":{"@type":"ImageObject","inLanguage":"fr-FR","@id":"https:\/\/www.dragonet.fr\/#\/schema\/logo\/image\/","url":"https:\/\/www.dragonet.fr\/wp-content\/uploads\/2022\/06\/DRAGONET-250-218.png","contentUrl":"https:\/\/www.dragonet.fr\/wp-content\/uploads\/2022\/06\/DRAGONET-250-218.png","width":250,"height":218,"caption":"Dragonet.fr"},"image":{"@id":"https:\/\/www.dragonet.fr\/#\/schema\/logo\/image\/"}}]}},"_links":{"self":[{"href":"https:\/\/www.dragonet.fr\/index.php\/wp-json\/wp\/v2\/pages\/73","targetHints":{"allow":["GET"]}}],"collection":[{"href":"https:\/\/www.dragonet.fr\/index.php\/wp-json\/wp\/v2\/pages"}],"about":[{"href":"https:\/\/www.dragonet.fr\/index.php\/wp-json\/wp\/v2\/types\/page"}],"author":[{"embeddable":true,"href":"https:\/\/www.dragonet.fr\/index.php\/wp-json\/wp\/v2\/users\/1"}],"replies":[{"embeddable":true,"href":"https:\/\/www.dragonet.fr\/index.php\/wp-json\/wp\/v2\/comments?post=73"}],"version-history":[{"count":31,"href":"https:\/\/www.dragonet.fr\/index.php\/wp-json\/wp\/v2\/pages\/73\/revisions"}],"predecessor-version":[{"id":616,"href":"https:\/\/www.dragonet.fr\/index.php\/wp-json\/wp\/v2\/pages\/73\/revisions\/616"}],"wp:attachment":[{"href":"https:\/\/www.dragonet.fr\/index.php\/wp-json\/wp\/v2\/media?parent=73"}],"curies":[{"name":"wp","href":"https:\/\/api.w.org\/{rel}","templated":true}]}}