{"id":709,"date":"2023-09-27T17:55:59","date_gmt":"2023-09-27T15:55:59","guid":{"rendered":"https:\/\/www.dragonet.fr\/?page_id=709"},"modified":"2023-10-04T15:20:20","modified_gmt":"2023-10-04T13:20:20","slug":"le-transport-eco","status":"publish","type":"page","link":"https:\/\/www.dragonet.fr\/index.php\/le-transport-eco\/","title":{"rendered":"Le transport ECO"},"content":{"rendered":"\t\t<div data-elementor-type=\"wp-page\" data-elementor-id=\"709\" class=\"elementor elementor-709\">\n\t\t\t\t\t\t<section class=\"elementor-section elementor-top-section elementor-element elementor-element-49c2be2 elementor-section-boxed elementor-section-height-default elementor-section-height-default\" data-id=\"49c2be2\" data-element_type=\"section\" data-e-type=\"section\">\n\t\t\t\t\t\t<div class=\"elementor-container elementor-column-gap-default\">\n\t\t\t\t\t<div class=\"elementor-column elementor-col-100 elementor-top-column elementor-element elementor-element-7c66140\" data-id=\"7c66140\" data-element_type=\"column\" data-e-type=\"column\">\n\t\t\t<div class=\"elementor-widget-wrap elementor-element-populated\">\n\t\t\t\t\t\t<div class=\"elementor-element elementor-element-ab2a516 elementor-widget elementor-widget-text-editor\" data-id=\"ab2a516\" data-element_type=\"widget\" data-e-type=\"widget\" data-widget_type=\"text-editor.default\">\n\t\t\t\t<div class=\"elementor-widget-container\">\n\t\t\t\t\t\t\t\t\t<h3 style=\"text-align: center;\"><span style=\"color: #dd4b40; font-family: americorps-laser;\"><span style=\"font-size: 32px;\">L&rsquo;alternative Economique :<\/span><\/span><\/h3><h2 style=\"text-align: center;\"><span style=\"font-family: americorps-laser;\">R\u00e9duisez Vos Co\u00fbts, Sans Compromis sur la Rapidit\u00e9<\/span><\/h2>\t\t\t\t\t\t\t\t<\/div>\n\t\t\t\t<\/div>\n\t\t\t\t\t<\/div>\n\t\t<\/div>\n\t\t\t\t\t<\/div>\n\t\t<\/section>\n\t\t\t\t<section class=\"elementor-section elementor-top-section elementor-element elementor-element-1e54b2c elementor-section-boxed elementor-section-height-default elementor-section-height-default\" data-id=\"1e54b2c\" data-element_type=\"section\" data-e-type=\"section\">\n\t\t\t\t\t\t<div class=\"elementor-container elementor-column-gap-default\">\n\t\t\t\t\t<div class=\"elementor-column elementor-col-100 elementor-top-column elementor-element elementor-element-c9a2998\" data-id=\"c9a2998\" data-element_type=\"column\" data-e-type=\"column\">\n\t\t\t<div class=\"elementor-widget-wrap elementor-element-populated\">\n\t\t\t\t\t\t<div class=\"elementor-element elementor-element-072a050 elementor-widget elementor-widget-text-editor\" data-id=\"072a050\" data-element_type=\"widget\" data-e-type=\"widget\" data-widget_type=\"text-editor.default\">\n\t\t\t\t<div class=\"elementor-widget-container\">\n\t\t\t\t\t\t\t\t\t<p style=\"text-align: center;\">Chez <span style=\"color: #ff0000;\">Dragonet<\/span>, nous comprenons que l&rsquo;efficacit\u00e9 et la ma\u00eetrise des co\u00fbts sont essentielles pour votre entreprise. C&rsquo;est pourquoi nous avons d\u00e9velopp\u00e9 notre service de <strong>Transport A\u00e9rien \u00c9conomique<\/strong>, une solution cl\u00e9 en main con\u00e7ue pour vous offrirune prestation de transport a\u00e9rien de qualit\u00e9 \u00e0 un prix avantageux.<\/p>\t\t\t\t\t\t\t\t<\/div>\n\t\t\t\t<\/div>\n\t\t\t\t\t<\/div>\n\t\t<\/div>\n\t\t\t\t\t<\/div>\n\t\t<\/section>\n\t\t\t\t<section class=\"elementor-section elementor-top-section elementor-element elementor-element-09b9682 elementor-section-boxed elementor-section-height-default elementor-section-height-default\" data-id=\"09b9682\" data-element_type=\"section\" data-e-type=\"section\">\n\t\t\t\t\t\t<div class=\"elementor-container elementor-column-gap-default\">\n\t\t\t\t\t<div class=\"elementor-column elementor-col-100 elementor-top-column elementor-element elementor-element-93e7169\" data-id=\"93e7169\" data-element_type=\"column\" data-e-type=\"column\">\n\t\t\t<div class=\"elementor-widget-wrap elementor-element-populated\">\n\t\t\t\t\t\t<div class=\"elementor-element elementor-element-569e71a elementor-widget-divider--view-line elementor-widget elementor-widget-divider\" data-id=\"569e71a\" data-element_type=\"widget\" data-e-type=\"widget\" data-widget_type=\"divider.default\">\n\t\t\t\t<div class=\"elementor-widget-container\">\n\t\t\t\t\t\t\t<div class=\"elementor-divider\">\n\t\t\t<span class=\"elementor-divider-separator\">\n\t\t\t\t\t\t<\/span>\n\t\t<\/div>\n\t\t\t\t\t\t<\/div>\n\t\t\t\t<\/div>\n\t\t\t\t\t<\/div>\n\t\t<\/div>\n\t\t\t\t\t<\/div>\n\t\t<\/section>\n\t\t\t\t<section class=\"elementor-section elementor-top-section elementor-element elementor-element-d9d4263 elementor-section-boxed elementor-section-height-default elementor-section-height-default\" data-id=\"d9d4263\" data-element_type=\"section\" data-e-type=\"section\">\n\t\t\t\t\t\t<div class=\"elementor-container elementor-column-gap-default\">\n\t\t\t\t\t<div class=\"elementor-column elementor-col-100 elementor-top-column elementor-element elementor-element-118591a\" data-id=\"118591a\" data-element_type=\"column\" data-e-type=\"column\">\n\t\t\t<div class=\"elementor-widget-wrap elementor-element-populated\">\n\t\t\t\t\t\t<div class=\"elementor-element elementor-element-0f269df elementor-widget elementor-widget-text-editor\" data-id=\"0f269df\" data-element_type=\"widget\" data-e-type=\"widget\" data-widget_type=\"text-editor.default\">\n\t\t\t\t<div class=\"elementor-widget-container\">\n\t\t\t\t\t\t\t\t\t<h4 style=\"text-align: center;\"><span style=\"font-family: montserrat; font-size: 18pt; color: #dd4b40;\">Ce que vous pouvez attendre de notre service :\u00a0<\/span><\/h4><p>\u00a0<\/p><ul><li><p><strong>Rapidit\u00e9 et fiabilit\u00e9<\/strong> : Nous savons que le temps compte. Avec une moyenne de seulement 10 jours ouvr\u00e9s pour les envois internationaux et entre 3 et 5 jours ouvr\u00e9s en Europe, nous combinons la rapidit\u00e9 du transport a\u00e9rien avec des tarifs comp\u00e9titifs.<\/p><\/li><li><p><strong>Service complet<\/strong> : Nous nous occupons de tout, depuis la prise de contact avec l&rsquo;exp\u00e9diteur jusqu&rsquo;\u00e0 la coordination avec les transporteurs, l&rsquo;\u00e9dition des bordereaux de transport et le contr\u00f4le minutieux de tous les documents li\u00e9s \u00e0 votre marchandise.<\/p><\/li><li><p><strong>\u00c9conomies significatives<\/strong> : Notre service de transport a\u00e9rien \u00e9conomique vous permet de r\u00e9duire vos co\u00fbts d&rsquo;exp\u00e9dition tout en maintenant une qualit\u00e9 de service exceptionnelle.<\/p><\/li><\/ul>\t\t\t\t\t\t\t\t<\/div>\n\t\t\t\t<\/div>\n\t\t\t\t\t<\/div>\n\t\t<\/div>\n\t\t\t\t\t<\/div>\n\t\t<\/section>\n\t\t\t\t<section class=\"elementor-section elementor-top-section elementor-element elementor-element-bd88d94 elementor-section-boxed elementor-section-height-default elementor-section-height-default\" data-id=\"bd88d94\" data-element_type=\"section\" data-e-type=\"section\">\n\t\t\t\t\t\t<div class=\"elementor-container elementor-column-gap-default\">\n\t\t\t\t\t<div class=\"elementor-column elementor-col-100 elementor-top-column elementor-element elementor-element-0dddb48\" data-id=\"0dddb48\" data-element_type=\"column\" data-e-type=\"column\">\n\t\t\t<div class=\"elementor-widget-wrap elementor-element-populated\">\n\t\t\t\t\t\t<div class=\"elementor-element elementor-element-4442ca4 elementor-widget elementor-widget-text-editor\" data-id=\"4442ca4\" data-element_type=\"widget\" data-e-type=\"widget\" data-widget_type=\"text-editor.default\">\n\t\t\t\t<div class=\"elementor-widget-container\">\n\t\t\t\t\t\t\t\t\t<p style=\"text-align: center;\"><span style=\"font-family: montserrat; font-size: 18pt; color: #999999;\"><strong>Mais comment faire pour essayer ?\u00a0<\/strong><\/span><span style=\"font-size: 26px; font-style: inherit; font-weight: bold; text-decoration-line: inherit; text-transform: inherit; color: var( --e-global-color-text ); font-family: var( --e-global-typography-text-font-family ), Sans-serif;\">\u00a0<\/span><\/p>\t\t\t\t\t\t\t\t<\/div>\n\t\t\t\t<\/div>\n\t\t\t\t\t<\/div>\n\t\t<\/div>\n\t\t\t\t\t<\/div>\n\t\t<\/section>\n\t\t\t\t<section class=\"elementor-section elementor-top-section elementor-element elementor-element-ac993ec elementor-section-boxed elementor-section-height-default elementor-section-height-default\" data-id=\"ac993ec\" data-element_type=\"section\" data-e-type=\"section\">\n\t\t\t\t\t\t<div class=\"elementor-container elementor-column-gap-default\">\n\t\t\t\t\t<div class=\"elementor-column elementor-col-100 elementor-top-column elementor-element elementor-element-e696438\" data-id=\"e696438\" data-element_type=\"column\" data-e-type=\"column\">\n\t\t\t<div class=\"elementor-widget-wrap elementor-element-populated\">\n\t\t\t\t\t\t<div class=\"elementor-element elementor-element-8e5caa0 elementor-widget elementor-widget-text-editor\" data-id=\"8e5caa0\" data-element_type=\"widget\" data-e-type=\"widget\" data-widget_type=\"text-editor.default\">\n\t\t\t\t<div class=\"elementor-widget-container\">\n\t\t\t\t\t\t\t\t\t<p style=\"text-align: center;\"><span style=\"font-family: montserrat; color: #d15e5e;\"><strong style=\"font-size: 24px; text-align: center;\">Demander<\/strong><\/span><span style=\"font-family: montserrat; color: #d15e5e;\"><strong style=\"font-size: 24px; text-align: center;\"> un devis gratuitement :<\/strong><\/span><\/p>\t\t\t\t\t\t\t\t<\/div>\n\t\t\t\t<\/div>\n\t\t\t\t\t<\/div>\n\t\t<\/div>\n\t\t\t\t\t<\/div>\n\t\t<\/section>\n\t\t\t\t<section class=\"elementor-section elementor-top-section elementor-element elementor-element-2fb83f7 elementor-section-boxed elementor-section-height-default elementor-section-height-default\" data-id=\"2fb83f7\" data-element_type=\"section\" data-e-type=\"section\">\n\t\t\t\t\t\t<div class=\"elementor-container elementor-column-gap-default\">\n\t\t\t\t\t<div class=\"elementor-column elementor-col-100 elementor-top-column elementor-element elementor-element-f015708\" data-id=\"f015708\" data-element_type=\"column\" data-e-type=\"column\">\n\t\t\t<div class=\"elementor-widget-wrap elementor-element-populated\">\n\t\t\t\t\t\t<div class=\"elementor-element elementor-element-f841c99 elementor-widget elementor-widget-text-editor\" data-id=\"f841c99\" data-element_type=\"widget\" data-e-type=\"widget\" data-widget_type=\"text-editor.default\">\n\t\t\t\t<div class=\"elementor-widget-container\">\n\t\t\t\t\t\t\t\t\t<h4 style=\"text-align: center;\"><b style=\"font-size: 20px; font-style: inherit; text-decoration-line: inherit; text-transform: inherit; color: var( --e-global-color-text ); font-family: var( --e-global-typography-text-font-family ), Sans-serif;\">Nous contacter par mail \u00e0 l&rsquo;adresse:<\/b><\/h4><p style=\"text-align: center;\"><a style=\"color: #dd4b40;\" href=\"mailto:commercial@dragonet.fr\" target=\"_blank\" rel=\"noreferrer noopener\">commercial@dragonet.fr<\/a><\/p><p style=\"text-align: center;\"><b>Pr\u00e9cisez l<span style=\"color: var( --e-global-color-text ); font-style: inherit; text-transform: inherit;\">es<\/span><\/b> <strong style=\"color: var( --e-global-color-text ); font-style: inherit; text-transform: inherit;\">coordonn\u00e9es de l&rsquo;exp\u00e9diteur :<\/strong><\/p><p style=\"text-align: center;\"><span style=\"color: var( --e-global-color-text ); font-weight: var( --e-global-typography-text-font-weight ); font-style: inherit; text-transform: inherit; font-size: 10pt;\">Pays et ville de d\u00e9part \/ <span style=\"font-size: 13.3333px; color: var( --e-global-color-text ); font-weight: var( --e-global-typography-text-font-weight ); font-style: inherit; text-transform: inherit;\">Pays et ville d&rsquo;arriv\u00e9e\u00a0<\/span><\/span><\/p><p style=\"text-align: center;\"><span style=\"color: var( --e-global-color-text ); font-style: inherit; text-transform: inherit;\"><b>Le <\/b><\/span><strong style=\"color: var( --e-global-color-text ); font-style: inherit; text-transform: inherit;\">d\u00e9tail de la marchandise \u00e0 enlever :<\/strong><\/p><p style=\"text-align: center;\"><span style=\"color: var( --e-global-color-text ); font-style: inherit; font-weight: var( --e-global-typography-text-font-weight ); text-transform: inherit; font-size: 10pt;\">Nombre de colis \/\u00a0<\/span><span style=\"color: var( --e-global-color-text ); font-style: inherit; font-weight: var( --e-global-typography-text-font-weight ); text-transform: inherit; font-size: 10pt;\">Dimensions \/ <\/span><span style=\"font-size: 13.3333px; color: var( --e-global-color-text ); font-weight: var( --e-global-typography-text-font-weight ); font-style: inherit; text-transform: inherit;\">\u00a0Description de la marchandise<\/span><span style=\"color: var( --e-global-color-text ); font-weight: var( --e-global-typography-text-font-weight ); font-style: inherit; text-transform: inherit;\"><br \/><\/span><\/p><h4 style=\"text-transform: none; font-style: normal; text-decoration-thickness: initial; text-decoration-style: initial; text-decoration-color: initial; text-align: center;\">\u00a0<\/h4><div>\u00a0<\/div><div>\u00a0<\/div><h4 style=\"text-transform: none; font-style: normal; text-decoration-thickness: initial; text-decoration-style: initial; text-decoration-color: initial; text-align: center;\"><span style=\"font-size: 20px; font-style: inherit; text-decoration-line: inherit; text-transform: inherit; color: var( --e-global-color-text ); font-family: var( --e-global-typography-text-font-family ), Sans-serif;\">Ou via le formulaire ci-dessous :\u00a0<\/span><\/h4><div style=\"text-align: center;\">\u00a0<\/div>\t\t\t\t\t\t\t\t<\/div>\n\t\t\t\t<\/div>\n\t\t\t\t\t<\/div>\n\t\t<\/div>\n\t\t\t\t\t<\/div>\n\t\t<\/section>\n\t\t\t\t<section class=\"elementor-section elementor-top-section elementor-element elementor-element-edcee06 elementor-section-boxed elementor-section-height-default elementor-section-height-default\" data-id=\"edcee06\" data-element_type=\"section\" data-e-type=\"section\">\n\t\t\t\t\t\t<div class=\"elementor-container elementor-column-gap-default\">\n\t\t\t\t\t<div class=\"elementor-column elementor-col-100 elementor-top-column elementor-element elementor-element-83a99ba\" data-id=\"83a99ba\" data-element_type=\"column\" data-e-type=\"column\">\n\t\t\t<div class=\"elementor-widget-wrap elementor-element-populated\">\n\t\t\t\t\t\t<div class=\"elementor-element elementor-element-1f3a0dd elementor-button-success elementor-align-center elementor-widget elementor-widget-button\" data-id=\"1f3a0dd\" data-element_type=\"widget\" data-e-type=\"widget\" data-widget_type=\"button.default\">\n\t\t\t\t<div class=\"elementor-widget-container\">\n\t\t\t\t\t\t\t\t\t<div class=\"elementor-button-wrapper\">\n\t\t\t\t\t<a class=\"elementor-button elementor-button-link elementor-size-xl\" href=\"https:\/\/www.dragonet.fr\/index.php\/obtenir-un-devis\/\">\n\t\t\t\t\t\t<span class=\"elementor-button-content-wrapper\">\n\t\t\t\t\t\t\t\t\t<span class=\"elementor-button-text\">Cliquez ici pour avoir votre devis<\/span>\n\t\t\t\t\t<\/span>\n\t\t\t\t\t<\/a>\n\t\t\t\t<\/div>\n\t\t\t\t\t\t\t\t<\/div>\n\t\t\t\t<\/div>\n\t\t\t\t\t<\/div>\n\t\t<\/div>\n\t\t\t\t\t<\/div>\n\t\t<\/section>\n\t\t\t\t<\/div>\n\t\t","protected":false},"excerpt":{"rendered":"<p>L&rsquo;alternative Economique : R\u00e9duisez Vos Co\u00fbts, Sans Compromis sur la Rapidit\u00e9 Chez Dragonet, nous comprenons que l&rsquo;efficacit\u00e9 et la ma\u00eetrise des co\u00fbts sont essentielles pour votre entreprise. C&rsquo;est pourquoi nous&hellip;<\/p>\n","protected":false},"author":1,"featured_media":0,"parent":0,"menu_order":0,"comment_status":"closed","ping_status":"closed","template":"","meta":{"footnotes":""},"class_list":["post-709","page","type-page","status-publish","hentry"],"yoast_head":"<!-- This site is optimized with the Yoast SEO plugin v27.5 - https:\/\/yoast.com\/product\/yoast-seo-wordpress\/ -->\n<title>Le transport ECO - Dragonet.fr<\/title>\n<meta name=\"robots\" content=\"index, follow, max-snippet:-1, max-image-preview:large, max-video-preview:-1\" \/>\n<link rel=\"canonical\" href=\"https:\/\/www.dragonet.fr\/index.php\/le-transport-eco\/\" \/>\n<meta property=\"og:locale\" content=\"fr_FR\" \/>\n<meta property=\"og:type\" content=\"article\" \/>\n<meta property=\"og:title\" content=\"Le transport ECO - Dragonet.fr\" \/>\n<meta property=\"og:description\" content=\"L&rsquo;alternative Economique : R\u00e9duisez Vos Co\u00fbts, Sans Compromis sur la Rapidit\u00e9 Chez Dragonet, nous comprenons que l&rsquo;efficacit\u00e9 et la ma\u00eetrise des co\u00fbts sont essentielles pour votre entreprise. C&rsquo;est pourquoi nous&hellip;\" \/>\n<meta property=\"og:url\" content=\"https:\/\/www.dragonet.fr\/index.php\/le-transport-eco\/\" \/>\n<meta property=\"og:site_name\" content=\"Dragonet.fr\" \/>\n<meta property=\"article:modified_time\" content=\"2023-10-04T13:20:20+00:00\" \/>\n<meta name=\"twitter:card\" content=\"summary_large_image\" \/>\n<meta name=\"twitter:label1\" content=\"Dur\u00e9e de lecture estim\u00e9e\" \/>\n\t<meta name=\"twitter:data1\" content=\"2 minutes\" \/>\n<script type=\"application\/ld+json\" class=\"yoast-schema-graph\">{\"@context\":\"https:\\\/\\\/schema.org\",\"@graph\":[{\"@type\":\"WebPage\",\"@id\":\"https:\\\/\\\/www.dragonet.fr\\\/index.php\\\/le-transport-eco\\\/\",\"url\":\"https:\\\/\\\/www.dragonet.fr\\\/index.php\\\/le-transport-eco\\\/\",\"name\":\"Le transport ECO - Dragonet.fr\",\"isPartOf\":{\"@id\":\"https:\\\/\\\/www.dragonet.fr\\\/#website\"},\"datePublished\":\"2023-09-27T15:55:59+00:00\",\"dateModified\":\"2023-10-04T13:20:20+00:00\",\"breadcrumb\":{\"@id\":\"https:\\\/\\\/www.dragonet.fr\\\/index.php\\\/le-transport-eco\\\/#breadcrumb\"},\"inLanguage\":\"fr-FR\",\"potentialAction\":[{\"@type\":\"ReadAction\",\"target\":[\"https:\\\/\\\/www.dragonet.fr\\\/index.php\\\/le-transport-eco\\\/\"]}]},{\"@type\":\"BreadcrumbList\",\"@id\":\"https:\\\/\\\/www.dragonet.fr\\\/index.php\\\/le-transport-eco\\\/#breadcrumb\",\"itemListElement\":[{\"@type\":\"ListItem\",\"position\":1,\"name\":\"Accueil\",\"item\":\"https:\\\/\\\/www.dragonet.fr\\\/\"},{\"@type\":\"ListItem\",\"position\":2,\"name\":\"Le transport ECO\"}]},{\"@type\":\"WebSite\",\"@id\":\"https:\\\/\\\/www.dragonet.fr\\\/#website\",\"url\":\"https:\\\/\\\/www.dragonet.fr\\\/\",\"name\":\"Dragonet.fr\",\"description\":\"\",\"publisher\":{\"@id\":\"https:\\\/\\\/www.dragonet.fr\\\/#organization\"},\"potentialAction\":[{\"@type\":\"SearchAction\",\"target\":{\"@type\":\"EntryPoint\",\"urlTemplate\":\"https:\\\/\\\/www.dragonet.fr\\\/?s={search_term_string}\"},\"query-input\":{\"@type\":\"PropertyValueSpecification\",\"valueRequired\":true,\"valueName\":\"search_term_string\"}}],\"inLanguage\":\"fr-FR\"},{\"@type\":\"Organization\",\"@id\":\"https:\\\/\\\/www.dragonet.fr\\\/#organization\",\"name\":\"Dragonet.fr\",\"url\":\"https:\\\/\\\/www.dragonet.fr\\\/\",\"logo\":{\"@type\":\"ImageObject\",\"inLanguage\":\"fr-FR\",\"@id\":\"https:\\\/\\\/www.dragonet.fr\\\/#\\\/schema\\\/logo\\\/image\\\/\",\"url\":\"https:\\\/\\\/www.dragonet.fr\\\/wp-content\\\/uploads\\\/2022\\\/06\\\/DRAGONET-250-218.png\",\"contentUrl\":\"https:\\\/\\\/www.dragonet.fr\\\/wp-content\\\/uploads\\\/2022\\\/06\\\/DRAGONET-250-218.png\",\"width\":250,\"height\":218,\"caption\":\"Dragonet.fr\"},\"image\":{\"@id\":\"https:\\\/\\\/www.dragonet.fr\\\/#\\\/schema\\\/logo\\\/image\\\/\"}}]}<\/script>\n<!-- \/ Yoast SEO plugin. -->","yoast_head_json":{"title":"Le transport ECO - Dragonet.fr","robots":{"index":"index","follow":"follow","max-snippet":"max-snippet:-1","max-image-preview":"max-image-preview:large","max-video-preview":"max-video-preview:-1"},"canonical":"https:\/\/www.dragonet.fr\/index.php\/le-transport-eco\/","og_locale":"fr_FR","og_type":"article","og_title":"Le transport ECO - Dragonet.fr","og_description":"L&rsquo;alternative Economique : R\u00e9duisez Vos Co\u00fbts, Sans Compromis sur la Rapidit\u00e9 Chez Dragonet, nous comprenons que l&rsquo;efficacit\u00e9 et la ma\u00eetrise des co\u00fbts sont essentielles pour votre entreprise. C&rsquo;est pourquoi nous&hellip;","og_url":"https:\/\/www.dragonet.fr\/index.php\/le-transport-eco\/","og_site_name":"Dragonet.fr","article_modified_time":"2023-10-04T13:20:20+00:00","twitter_card":"summary_large_image","twitter_misc":{"Dur\u00e9e de lecture estim\u00e9e":"2 minutes"},"schema":{"@context":"https:\/\/schema.org","@graph":[{"@type":"WebPage","@id":"https:\/\/www.dragonet.fr\/index.php\/le-transport-eco\/","url":"https:\/\/www.dragonet.fr\/index.php\/le-transport-eco\/","name":"Le transport ECO - Dragonet.fr","isPartOf":{"@id":"https:\/\/www.dragonet.fr\/#website"},"datePublished":"2023-09-27T15:55:59+00:00","dateModified":"2023-10-04T13:20:20+00:00","breadcrumb":{"@id":"https:\/\/www.dragonet.fr\/index.php\/le-transport-eco\/#breadcrumb"},"inLanguage":"fr-FR","potentialAction":[{"@type":"ReadAction","target":["https:\/\/www.dragonet.fr\/index.php\/le-transport-eco\/"]}]},{"@type":"BreadcrumbList","@id":"https:\/\/www.dragonet.fr\/index.php\/le-transport-eco\/#breadcrumb","itemListElement":[{"@type":"ListItem","position":1,"name":"Accueil","item":"https:\/\/www.dragonet.fr\/"},{"@type":"ListItem","position":2,"name":"Le transport ECO"}]},{"@type":"WebSite","@id":"https:\/\/www.dragonet.fr\/#website","url":"https:\/\/www.dragonet.fr\/","name":"Dragonet.fr","description":"","publisher":{"@id":"https:\/\/www.dragonet.fr\/#organization"},"potentialAction":[{"@type":"SearchAction","target":{"@type":"EntryPoint","urlTemplate":"https:\/\/www.dragonet.fr\/?s={search_term_string}"},"query-input":{"@type":"PropertyValueSpecification","valueRequired":true,"valueName":"search_term_string"}}],"inLanguage":"fr-FR"},{"@type":"Organization","@id":"https:\/\/www.dragonet.fr\/#organization","name":"Dragonet.fr","url":"https:\/\/www.dragonet.fr\/","logo":{"@type":"ImageObject","inLanguage":"fr-FR","@id":"https:\/\/www.dragonet.fr\/#\/schema\/logo\/image\/","url":"https:\/\/www.dragonet.fr\/wp-content\/uploads\/2022\/06\/DRAGONET-250-218.png","contentUrl":"https:\/\/www.dragonet.fr\/wp-content\/uploads\/2022\/06\/DRAGONET-250-218.png","width":250,"height":218,"caption":"Dragonet.fr"},"image":{"@id":"https:\/\/www.dragonet.fr\/#\/schema\/logo\/image\/"}}]}},"_links":{"self":[{"href":"https:\/\/www.dragonet.fr\/index.php\/wp-json\/wp\/v2\/pages\/709","targetHints":{"allow":["GET"]}}],"collection":[{"href":"https:\/\/www.dragonet.fr\/index.php\/wp-json\/wp\/v2\/pages"}],"about":[{"href":"https:\/\/www.dragonet.fr\/index.php\/wp-json\/wp\/v2\/types\/page"}],"author":[{"embeddable":true,"href":"https:\/\/www.dragonet.fr\/index.php\/wp-json\/wp\/v2\/users\/1"}],"replies":[{"embeddable":true,"href":"https:\/\/www.dragonet.fr\/index.php\/wp-json\/wp\/v2\/comments?post=709"}],"version-history":[{"count":16,"href":"https:\/\/www.dragonet.fr\/index.php\/wp-json\/wp\/v2\/pages\/709\/revisions"}],"predecessor-version":[{"id":726,"href":"https:\/\/www.dragonet.fr\/index.php\/wp-json\/wp\/v2\/pages\/709\/revisions\/726"}],"wp:attachment":[{"href":"https:\/\/www.dragonet.fr\/index.php\/wp-json\/wp\/v2\/media?parent=709"}],"curies":[{"name":"wp","href":"https:\/\/api.w.org\/{rel}","templated":true}]}}