{"id":666,"date":"2022-06-13T22:16:25","date_gmt":"2022-06-13T20:16:25","guid":{"rendered":"https:\/\/www.dragonet.fr\/?page_id=666"},"modified":"2022-06-13T22:34:59","modified_gmt":"2022-06-13T20:34:59","slug":"obtenir-un-devis","status":"publish","type":"page","link":"https:\/\/www.dragonet.fr\/index.php\/obtenir-un-devis\/","title":{"rendered":"Obtenir un devis"},"content":{"rendered":"\t\t<div data-elementor-type=\"wp-page\" data-elementor-id=\"666\" class=\"elementor elementor-666\">\n\t\t\t\t\t\t<section class=\"elementor-section elementor-top-section elementor-element elementor-element-ed41667 elementor-section-boxed elementor-section-height-default elementor-section-height-default\" data-id=\"ed41667\" data-element_type=\"section\" data-e-type=\"section\">\n\t\t\t\t\t\t<div class=\"elementor-container elementor-column-gap-default\">\n\t\t\t\t\t<div class=\"elementor-column elementor-col-100 elementor-top-column elementor-element elementor-element-f2b0071\" data-id=\"f2b0071\" data-element_type=\"column\" data-e-type=\"column\">\n\t\t\t<div class=\"elementor-widget-wrap elementor-element-populated\">\n\t\t\t\t\t\t<div class=\"elementor-element elementor-element-14a4187 elementor-widget elementor-widget-text-editor\" data-id=\"14a4187\" data-element_type=\"widget\" data-e-type=\"widget\" data-widget_type=\"text-editor.default\">\n\t\t\t\t<div class=\"elementor-widget-container\">\n\t\t\t\t\t\t\t\t\t<p style=\"text-align: center;\"><span style=\"font-size: 24pt; font-family: americorps-laser; color: #dd4b40;\">Demander un devis<\/span><\/p>\t\t\t\t\t\t\t\t<\/div>\n\t\t\t\t<\/div>\n\t\t\t\t\t<\/div>\n\t\t<\/div>\n\t\t\t\t\t<\/div>\n\t\t<\/section>\n\t\t\t\t<section class=\"elementor-section elementor-top-section elementor-element elementor-element-2aea89d elementor-section-boxed elementor-section-height-default elementor-section-height-default\" data-id=\"2aea89d\" data-element_type=\"section\" data-e-type=\"section\">\n\t\t\t\t\t\t<div class=\"elementor-container elementor-column-gap-default\">\n\t\t\t\t\t<div class=\"elementor-column elementor-col-100 elementor-top-column elementor-element elementor-element-cba4c1e\" data-id=\"cba4c1e\" data-element_type=\"column\" data-e-type=\"column\">\n\t\t\t<div class=\"elementor-widget-wrap elementor-element-populated\">\n\t\t\t\t\t\t<div class=\"elementor-element elementor-element-e030b4a elementor-widget-divider--view-line elementor-widget elementor-widget-divider\" data-id=\"e030b4a\" data-element_type=\"widget\" data-e-type=\"widget\" data-widget_type=\"divider.default\">\n\t\t\t\t<div class=\"elementor-widget-container\">\n\t\t\t\t\t\t\t<div class=\"elementor-divider\">\n\t\t\t<span class=\"elementor-divider-separator\">\n\t\t\t\t\t\t<\/span>\n\t\t<\/div>\n\t\t\t\t\t\t<\/div>\n\t\t\t\t<\/div>\n\t\t\t\t\t<\/div>\n\t\t<\/div>\n\t\t\t\t\t<\/div>\n\t\t<\/section>\n\t\t\t\t<section class=\"elementor-section elementor-top-section elementor-element elementor-element-b01a439 elementor-section-boxed elementor-section-height-default elementor-section-height-default\" data-id=\"b01a439\" data-element_type=\"section\" data-e-type=\"section\">\n\t\t\t\t\t\t<div class=\"elementor-container elementor-column-gap-default\">\n\t\t\t\t\t<div class=\"elementor-column elementor-col-100 elementor-top-column elementor-element elementor-element-92e972c\" data-id=\"92e972c\" data-element_type=\"column\" data-e-type=\"column\">\n\t\t\t<div class=\"elementor-widget-wrap elementor-element-populated\">\n\t\t\t\t\t\t<div class=\"elementor-element elementor-element-9c982da eael-contact-form-7-button-full-width elementor-invisible elementor-widget elementor-widget-eael-contact-form-7\" data-id=\"9c982da\" data-element_type=\"widget\" data-e-type=\"widget\" data-settings=\"{&quot;_animation&quot;:&quot;fadeInDown&quot;}\" data-widget_type=\"eael-contact-form-7.default\">\n\t\t\t\t<div class=\"elementor-widget-container\">\n\t\t\t\t\t<div class=\"eael-contact-form-7-wrapper\">\n                <div class=\"eael-contact-form eael-contact-form-7 eael-contact-form-9c982da placeholder-show eael-custom-radio-checkbox eael-contact-form-align-center\">\n<div class=\"wpcf7 no-js\" id=\"wpcf7-f232-o1\" lang=\"fr-FR\" dir=\"ltr\" data-wpcf7-id=\"232\">\n<div class=\"screen-reader-response\"><p role=\"status\" aria-live=\"polite\" aria-atomic=\"true\"><\/p> <ul><\/ul><\/div>\n<form action=\"\/index.php\/wp-json\/wp\/v2\/pages\/666#wpcf7-f232-o1\" method=\"post\" class=\"wpcf7-form init\" aria-label=\"Formulaire de contact\" novalidate=\"novalidate\" data-status=\"init\">\n<fieldset class=\"hidden-fields-container\"><input type=\"hidden\" name=\"_wpcf7\" value=\"232\" \/><input type=\"hidden\" name=\"_wpcf7_version\" value=\"6.1.5\" \/><input type=\"hidden\" name=\"_wpcf7_locale\" value=\"fr_FR\" \/><input type=\"hidden\" name=\"_wpcf7_unit_tag\" value=\"wpcf7-f232-o1\" \/><input type=\"hidden\" name=\"_wpcf7_container_post\" value=\"0\" \/><input type=\"hidden\" name=\"_wpcf7_posted_data_hash\" value=\"\" \/>\n<\/fieldset>\n<h4><u>Vous<\/u>\n<\/h4>\n<p><label> Nom et Pr\u00e9nom*<br \/>\n<span class=\"wpcf7-form-control-wrap\" data-name=\"your-name\"><input size=\"40\" maxlength=\"400\" class=\"wpcf7-form-control wpcf7-text wpcf7-validates-as-required\" aria-required=\"true\" aria-invalid=\"false\" value=\"\" type=\"text\" name=\"your-name\" \/><\/span> <\/label>\n<\/p>\n<p><label> Entreprise*<br \/>\n<span class=\"wpcf7-form-control-wrap\" data-name=\"enterprise\"><input size=\"40\" maxlength=\"400\" class=\"wpcf7-form-control wpcf7-text wpcf7-validates-as-required\" aria-required=\"true\" aria-invalid=\"false\" value=\"\" type=\"text\" name=\"enterprise\" \/><\/span> <\/label>\n<\/p>\n<p><label> T\u00e9l\u00e9phone*<br \/>\n<span class=\"wpcf7-form-control-wrap\" data-name=\"Telephone\"><input size=\"40\" maxlength=\"400\" class=\"wpcf7-form-control wpcf7-tel wpcf7-text wpcf7-validates-as-tel\" aria-invalid=\"false\" value=\"\" type=\"tel\" name=\"Telephone\" \/><\/span> <\/label>\n<\/p>\n<p><label> Votre e-mail*<br \/>\n<span class=\"wpcf7-form-control-wrap\" data-name=\"your-email\"><input size=\"40\" maxlength=\"400\" class=\"wpcf7-form-control wpcf7-email wpcf7-validates-as-required wpcf7-text wpcf7-validates-as-email\" aria-required=\"true\" aria-invalid=\"false\" value=\"\" type=\"email\" name=\"your-email\" \/><\/span> <\/label>\n<\/p>\n<p>D\u00e9j\u00e0 Client?<br \/>\n<span class=\"wpcf7-form-control-wrap\" data-name=\"client\"><span class=\"wpcf7-form-control wpcf7-checkbox\"><span class=\"wpcf7-list-item first last\"><span class=\"wpcf7-list-item-label\">Oui<\/span><input type=\"checkbox\" name=\"client[]\" value=\"Oui\" \/><\/span><\/span><\/span>\n<\/p>\n<h4><u>Votre Marchandise<\/u>\n<\/h4>\n<p><label> Nombre de palette(s)<br \/>\n<span class=\"wpcf7-form-control-wrap\" data-name=\"nbrepalettes\"><select class=\"wpcf7-form-control wpcf7-select\" aria-invalid=\"false\" name=\"nbrepalettes\"><option value=\"0\">0<\/option><option value=\"1\">1<\/option><option value=\"2\">2<\/option><option value=\"3\">3<\/option><option value=\"4\">4<\/option><option value=\"5\">5<\/option><option value=\"6\">6<\/option><option value=\"7\">7<\/option><option value=\"8\">8<\/option><option value=\"9\">9<\/option><option value=\"10+\">10+<\/option><\/select><\/span><\/label><br \/>\n<label> Nombre de colis<br \/>\n<span class=\"wpcf7-form-control-wrap\" data-name=\"nbrecolis\"><select class=\"wpcf7-form-control wpcf7-select\" aria-invalid=\"false\" name=\"nbrecolis\"><option value=\"0\">0<\/option><option value=\"1\">1<\/option><option value=\"2\">2<\/option><option value=\"3\">3<\/option><option value=\"4\">4<\/option><option value=\"5\">5<\/option><option value=\"6\">6<\/option><option value=\"7\">7<\/option><option value=\"8\">8<\/option><option value=\"9\">9<\/option><option value=\"10+\">10+<\/option><\/select><\/span><\/label>\n<\/p>\n<p><label> Objet*<br \/>\n<span class=\"wpcf7-form-control-wrap\" data-name=\"your-subject\"><input size=\"40\" maxlength=\"400\" class=\"wpcf7-form-control wpcf7-text wpcf7-validates-as-required\" aria-required=\"true\" aria-invalid=\"false\" value=\"\" type=\"text\" name=\"your-subject\" \/><\/span> <\/label>\n<\/p>\n<p><label> Votre message*<br \/>\n<span class=\"wpcf7-form-control-wrap\" data-name=\"your-message\"><textarea cols=\"40\" rows=\"10\" maxlength=\"2000\" class=\"wpcf7-form-control wpcf7-textarea wpcf7-validates-as-required\" aria-required=\"true\" aria-invalid=\"false\" placeholder=\"Merci de pr\u00e9ciser les poids et dimensions de chaque colis\/palette(s)\" name=\"your-message\"><\/textarea><\/span> <\/label>\n<\/p>\n<p>M'adresser une copie?<br \/>\n<span class=\"wpcf7-form-control-wrap\" data-name=\"sendcopy\"><select class=\"wpcf7-form-control wpcf7-select\" aria-invalid=\"false\" name=\"sendcopy\"><option value=\"Oui\">Oui<\/option><option value=\"Non\">Non<\/option><\/select><\/span>\n<\/p>\n<p><input class=\"wpcf7-form-control wpcf7-submit has-spinner\" type=\"submit\" value=\"Envoyer\" \/>\n<\/p><p style=\"display: none !important;\" class=\"akismet-fields-container\" data-prefix=\"_wpcf7_ak_\"><label>&#916;<textarea name=\"_wpcf7_ak_hp_textarea\" cols=\"45\" rows=\"8\" maxlength=\"100\"><\/textarea><\/label><input type=\"hidden\" id=\"ak_js_1\" name=\"_wpcf7_ak_js\" value=\"216\"\/><script type=\"text\/javascript\">\n\/* <![CDATA[ *\/\ndocument.getElementById( \"ak_js_1\" ).setAttribute( \"value\", ( new Date() ).getTime() );\n\/* ]]> *\/\n<\/script>\n<\/p><div class=\"wpcf7-response-output\" aria-hidden=\"true\"><\/div>\n<\/form>\n<\/div>\n<\/div>\n            <\/div>\t\t\t\t<\/div>\n\t\t\t\t<\/div>\n\t\t\t\t\t<\/div>\n\t\t<\/div>\n\t\t\t\t\t<\/div>\n\t\t<\/section>\n\t\t\t\t<section class=\"elementor-section elementor-top-section elementor-element elementor-element-4183253 elementor-section-boxed elementor-section-height-default elementor-section-height-default\" data-id=\"4183253\" data-element_type=\"section\" data-e-type=\"section\">\n\t\t\t\t\t\t<div class=\"elementor-container elementor-column-gap-default\">\n\t\t\t\t\t<div class=\"elementor-column elementor-col-100 elementor-top-column elementor-element elementor-element-134adb2\" data-id=\"134adb2\" data-element_type=\"column\" data-e-type=\"column\">\n\t\t\t<div class=\"elementor-widget-wrap elementor-element-populated\">\n\t\t\t\t\t\t<div class=\"elementor-element elementor-element-7ab0f6b elementor-widget elementor-widget-heading\" data-id=\"7ab0f6b\" data-element_type=\"widget\" data-e-type=\"widget\" data-widget_type=\"heading.default\">\n\t\t\t\t<div class=\"elementor-widget-container\">\n\t\t\t\t\t<h2 class=\"elementor-heading-title elementor-size-default\">Coordonn\u00e9es<\/h2>\t\t\t\t<\/div>\n\t\t\t\t<\/div>\n\t\t\t\t\t<\/div>\n\t\t<\/div>\n\t\t\t\t\t<\/div>\n\t\t<\/section>\n\t\t\t\t<section class=\"elementor-section elementor-top-section elementor-element elementor-element-f4f9669 elementor-section-boxed elementor-section-height-default elementor-section-height-default\" data-id=\"f4f9669\" data-element_type=\"section\" data-e-type=\"section\">\n\t\t\t\t\t\t<div class=\"elementor-container elementor-column-gap-default\">\n\t\t\t\t\t<div class=\"elementor-column elementor-col-100 elementor-top-column elementor-element elementor-element-b8ad309\" data-id=\"b8ad309\" data-element_type=\"column\" data-e-type=\"column\">\n\t\t\t<div class=\"elementor-widget-wrap elementor-element-populated\">\n\t\t\t\t\t\t<div class=\"elementor-element elementor-element-5641535 elementor-widget-divider--view-line elementor-widget elementor-widget-divider\" data-id=\"5641535\" data-element_type=\"widget\" data-e-type=\"widget\" data-widget_type=\"divider.default\">\n\t\t\t\t<div class=\"elementor-widget-container\">\n\t\t\t\t\t\t\t<div class=\"elementor-divider\">\n\t\t\t<span class=\"elementor-divider-separator\">\n\t\t\t\t\t\t<\/span>\n\t\t<\/div>\n\t\t\t\t\t\t<\/div>\n\t\t\t\t<\/div>\n\t\t\t\t\t<\/div>\n\t\t<\/div>\n\t\t\t\t\t<\/div>\n\t\t<\/section>\n\t\t\t\t<section class=\"elementor-section elementor-top-section elementor-element elementor-element-fec4023 elementor-section-boxed elementor-section-height-default elementor-section-height-default\" data-id=\"fec4023\" data-element_type=\"section\" data-e-type=\"section\">\n\t\t\t\t\t\t<div class=\"elementor-container elementor-column-gap-default\">\n\t\t\t\t\t<div class=\"elementor-column elementor-col-100 elementor-top-column elementor-element elementor-element-45691f7\" data-id=\"45691f7\" data-element_type=\"column\" data-e-type=\"column\">\n\t\t\t<div class=\"elementor-widget-wrap elementor-element-populated\">\n\t\t\t\t\t\t<div class=\"elementor-element elementor-element-fed77fc elementor-widget elementor-widget-text-editor\" data-id=\"fed77fc\" data-element_type=\"widget\" data-e-type=\"widget\" data-widget_type=\"text-editor.default\">\n\t\t\t\t<div class=\"elementor-widget-container\">\n\t\t\t\t\t\t\t\t\t<p style=\"text-align: center;\"><span style=\"color: #000000; font-family: Trebuchet MS, Geneva;\"><span style=\"font-size: 14pt;\">SCS Dragonet <\/span><\/span><br data-rich-text-line-break=\"true\" \/><span style=\"color: #000000; font-family: Trebuchet MS, Geneva;\"><span style=\"font-size: 14pt;\">Zone Aerolians<\/span><\/span><br data-rich-text-line-break=\"true\" \/><span style=\"color: #000000; font-family: Trebuchet MS, Geneva;\"><span style=\"font-size: 14pt;\">4 Avenue du valquiou, Bat A1 \u2013 6<\/span><\/span><br data-rich-text-line-break=\"true\" \/><span style=\"color: #000000; font-family: Trebuchet MS, Geneva;\"><span style=\"font-size: 14pt;\">BP 69141<\/span><\/span><\/p><div style=\"text-align: center;\"><p style=\"text-align: center;\"><span style=\"color: #000000; font-family: Trebuchet MS, Geneva;\"><span style=\"font-size: 14pt;\">95976 Roissy Charles De Gaulle, France<\/span><\/span><\/p><p><a href=\"tel:+33149460650\"><img decoding=\"async\" class=\"aligncenter wp-image-228\" src=\"https:\/\/www.dragonet.fr\/wp-content\/uploads\/2022\/06\/logotel-150x150.png\" alt=\"\" width=\"33\" height=\"33\" srcset=\"https:\/\/www.dragonet.fr\/wp-content\/uploads\/2022\/06\/logotel-150x150.png 150w, https:\/\/www.dragonet.fr\/wp-content\/uploads\/2022\/06\/logotel-300x300.png 300w, https:\/\/www.dragonet.fr\/wp-content\/uploads\/2022\/06\/logotel.png 594w\" sizes=\"(max-width: 33px) 100vw, 33px\" \/><\/a><\/p><p style=\"text-align: center;\"><span style=\"text-decoration: underline;\"><em><a href=\"tel:+33149460650\"><span style=\"color: #000000; font-size: 14pt; text-decoration: underline;\">01 49 46 06 50<\/span><\/a><\/em><\/span><\/p><\/div><div class=\"notranslate\" style=\"all: initial;\">\u00a0<\/div>\t\t\t\t\t\t\t\t<\/div>\n\t\t\t\t<\/div>\n\t\t\t\t\t<\/div>\n\t\t<\/div>\n\t\t\t\t\t<\/div>\n\t\t<\/section>\n\t\t\t\t<\/div>\n\t\t","protected":false},"excerpt":{"rendered":"<p>Demander un devis Vous Nom et Pr\u00e9nom* Entreprise* T\u00e9l\u00e9phone* Votre e-mail* D\u00e9j\u00e0 Client? Oui Votre Marchandise Objet* Votre message* M&rsquo;adresser une copie? OuiNon &#916; Coordonn\u00e9es SCS Dragonet Zone Aerolians4 Avenue&hellip;<\/p>\n","protected":false},"author":1,"featured_media":0,"parent":0,"menu_order":0,"comment_status":"closed","ping_status":"closed","template":"","meta":{"footnotes":""},"class_list":["post-666","page","type-page","status-publish","hentry"],"yoast_head":"<!-- This site is optimized with the Yoast SEO plugin v27.5 - https:\/\/yoast.com\/product\/yoast-seo-wordpress\/ -->\n<title>Obtenir un devis - Dragonet.fr<\/title>\n<meta name=\"robots\" content=\"index, follow, max-snippet:-1, max-image-preview:large, max-video-preview:-1\" \/>\n<link rel=\"canonical\" href=\"https:\/\/www.dragonet.fr\/index.php\/obtenir-un-devis\/\" \/>\n<meta property=\"og:locale\" content=\"fr_FR\" \/>\n<meta property=\"og:type\" content=\"article\" \/>\n<meta property=\"og:title\" content=\"Obtenir un devis - Dragonet.fr\" \/>\n<meta property=\"og:description\" content=\"Demander un devis Vous Nom et Pr\u00e9nom* Entreprise* T\u00e9l\u00e9phone* Votre e-mail* D\u00e9j\u00e0 Client? Oui Votre Marchandise Objet* Votre message* M&rsquo;adresser une copie? OuiNon &#916; Coordonn\u00e9es SCS Dragonet Zone Aerolians4 Avenue&hellip;\" \/>\n<meta property=\"og:url\" content=\"https:\/\/www.dragonet.fr\/index.php\/obtenir-un-devis\/\" \/>\n<meta property=\"og:site_name\" content=\"Dragonet.fr\" \/>\n<meta property=\"article:modified_time\" content=\"2022-06-13T20:34:59+00:00\" \/>\n<meta property=\"og:image\" content=\"https:\/\/www.dragonet.fr\/wp-content\/uploads\/2022\/06\/logotel-150x150.png\" \/>\n<meta name=\"twitter:card\" content=\"summary_large_image\" \/>\n<meta name=\"twitter:label1\" content=\"Dur\u00e9e de lecture estim\u00e9e\" \/>\n\t<meta name=\"twitter:data1\" content=\"1 minute\" \/>\n<script type=\"application\/ld+json\" class=\"yoast-schema-graph\">{\"@context\":\"https:\\\/\\\/schema.org\",\"@graph\":[{\"@type\":\"WebPage\",\"@id\":\"https:\\\/\\\/www.dragonet.fr\\\/index.php\\\/obtenir-un-devis\\\/\",\"url\":\"https:\\\/\\\/www.dragonet.fr\\\/index.php\\\/obtenir-un-devis\\\/\",\"name\":\"Obtenir un devis - Dragonet.fr\",\"isPartOf\":{\"@id\":\"https:\\\/\\\/www.dragonet.fr\\\/#website\"},\"primaryImageOfPage\":{\"@id\":\"https:\\\/\\\/www.dragonet.fr\\\/index.php\\\/obtenir-un-devis\\\/#primaryimage\"},\"image\":{\"@id\":\"https:\\\/\\\/www.dragonet.fr\\\/index.php\\\/obtenir-un-devis\\\/#primaryimage\"},\"thumbnailUrl\":\"https:\\\/\\\/www.dragonet.fr\\\/wp-content\\\/uploads\\\/2022\\\/06\\\/logotel-150x150.png\",\"datePublished\":\"2022-06-13T20:16:25+00:00\",\"dateModified\":\"2022-06-13T20:34:59+00:00\",\"breadcrumb\":{\"@id\":\"https:\\\/\\\/www.dragonet.fr\\\/index.php\\\/obtenir-un-devis\\\/#breadcrumb\"},\"inLanguage\":\"fr-FR\",\"potentialAction\":[{\"@type\":\"ReadAction\",\"target\":[\"https:\\\/\\\/www.dragonet.fr\\\/index.php\\\/obtenir-un-devis\\\/\"]}]},{\"@type\":\"ImageObject\",\"inLanguage\":\"fr-FR\",\"@id\":\"https:\\\/\\\/www.dragonet.fr\\\/index.php\\\/obtenir-un-devis\\\/#primaryimage\",\"url\":\"https:\\\/\\\/www.dragonet.fr\\\/wp-content\\\/uploads\\\/2022\\\/06\\\/logotel.png\",\"contentUrl\":\"https:\\\/\\\/www.dragonet.fr\\\/wp-content\\\/uploads\\\/2022\\\/06\\\/logotel.png\",\"width\":594,\"height\":594},{\"@type\":\"BreadcrumbList\",\"@id\":\"https:\\\/\\\/www.dragonet.fr\\\/index.php\\\/obtenir-un-devis\\\/#breadcrumb\",\"itemListElement\":[{\"@type\":\"ListItem\",\"position\":1,\"name\":\"Accueil\",\"item\":\"https:\\\/\\\/www.dragonet.fr\\\/\"},{\"@type\":\"ListItem\",\"position\":2,\"name\":\"Obtenir un devis\"}]},{\"@type\":\"WebSite\",\"@id\":\"https:\\\/\\\/www.dragonet.fr\\\/#website\",\"url\":\"https:\\\/\\\/www.dragonet.fr\\\/\",\"name\":\"Dragonet.fr\",\"description\":\"\",\"publisher\":{\"@id\":\"https:\\\/\\\/www.dragonet.fr\\\/#organization\"},\"potentialAction\":[{\"@type\":\"SearchAction\",\"target\":{\"@type\":\"EntryPoint\",\"urlTemplate\":\"https:\\\/\\\/www.dragonet.fr\\\/?s={search_term_string}\"},\"query-input\":{\"@type\":\"PropertyValueSpecification\",\"valueRequired\":true,\"valueName\":\"search_term_string\"}}],\"inLanguage\":\"fr-FR\"},{\"@type\":\"Organization\",\"@id\":\"https:\\\/\\\/www.dragonet.fr\\\/#organization\",\"name\":\"Dragonet.fr\",\"url\":\"https:\\\/\\\/www.dragonet.fr\\\/\",\"logo\":{\"@type\":\"ImageObject\",\"inLanguage\":\"fr-FR\",\"@id\":\"https:\\\/\\\/www.dragonet.fr\\\/#\\\/schema\\\/logo\\\/image\\\/\",\"url\":\"https:\\\/\\\/www.dragonet.fr\\\/wp-content\\\/uploads\\\/2022\\\/06\\\/DRAGONET-250-218.png\",\"contentUrl\":\"https:\\\/\\\/www.dragonet.fr\\\/wp-content\\\/uploads\\\/2022\\\/06\\\/DRAGONET-250-218.png\",\"width\":250,\"height\":218,\"caption\":\"Dragonet.fr\"},\"image\":{\"@id\":\"https:\\\/\\\/www.dragonet.fr\\\/#\\\/schema\\\/logo\\\/image\\\/\"}}]}<\/script>\n<!-- \/ Yoast SEO plugin. -->","yoast_head_json":{"title":"Obtenir un devis - Dragonet.fr","robots":{"index":"index","follow":"follow","max-snippet":"max-snippet:-1","max-image-preview":"max-image-preview:large","max-video-preview":"max-video-preview:-1"},"canonical":"https:\/\/www.dragonet.fr\/index.php\/obtenir-un-devis\/","og_locale":"fr_FR","og_type":"article","og_title":"Obtenir un devis - Dragonet.fr","og_description":"Demander un devis Vous Nom et Pr\u00e9nom* Entreprise* T\u00e9l\u00e9phone* Votre e-mail* D\u00e9j\u00e0 Client? Oui Votre Marchandise Objet* Votre message* M&rsquo;adresser une copie? OuiNon &#916; Coordonn\u00e9es SCS Dragonet Zone Aerolians4 Avenue&hellip;","og_url":"https:\/\/www.dragonet.fr\/index.php\/obtenir-un-devis\/","og_site_name":"Dragonet.fr","article_modified_time":"2022-06-13T20:34:59+00:00","og_image":[{"url":"https:\/\/www.dragonet.fr\/wp-content\/uploads\/2022\/06\/logotel-150x150.png","type":"","width":"","height":""}],"twitter_card":"summary_large_image","twitter_misc":{"Dur\u00e9e de lecture estim\u00e9e":"1 minute"},"schema":{"@context":"https:\/\/schema.org","@graph":[{"@type":"WebPage","@id":"https:\/\/www.dragonet.fr\/index.php\/obtenir-un-devis\/","url":"https:\/\/www.dragonet.fr\/index.php\/obtenir-un-devis\/","name":"Obtenir un devis - Dragonet.fr","isPartOf":{"@id":"https:\/\/www.dragonet.fr\/#website"},"primaryImageOfPage":{"@id":"https:\/\/www.dragonet.fr\/index.php\/obtenir-un-devis\/#primaryimage"},"image":{"@id":"https:\/\/www.dragonet.fr\/index.php\/obtenir-un-devis\/#primaryimage"},"thumbnailUrl":"https:\/\/www.dragonet.fr\/wp-content\/uploads\/2022\/06\/logotel-150x150.png","datePublished":"2022-06-13T20:16:25+00:00","dateModified":"2022-06-13T20:34:59+00:00","breadcrumb":{"@id":"https:\/\/www.dragonet.fr\/index.php\/obtenir-un-devis\/#breadcrumb"},"inLanguage":"fr-FR","potentialAction":[{"@type":"ReadAction","target":["https:\/\/www.dragonet.fr\/index.php\/obtenir-un-devis\/"]}]},{"@type":"ImageObject","inLanguage":"fr-FR","@id":"https:\/\/www.dragonet.fr\/index.php\/obtenir-un-devis\/#primaryimage","url":"https:\/\/www.dragonet.fr\/wp-content\/uploads\/2022\/06\/logotel.png","contentUrl":"https:\/\/www.dragonet.fr\/wp-content\/uploads\/2022\/06\/logotel.png","width":594,"height":594},{"@type":"BreadcrumbList","@id":"https:\/\/www.dragonet.fr\/index.php\/obtenir-un-devis\/#breadcrumb","itemListElement":[{"@type":"ListItem","position":1,"name":"Accueil","item":"https:\/\/www.dragonet.fr\/"},{"@type":"ListItem","position":2,"name":"Obtenir un devis"}]},{"@type":"WebSite","@id":"https:\/\/www.dragonet.fr\/#website","url":"https:\/\/www.dragonet.fr\/","name":"Dragonet.fr","description":"","publisher":{"@id":"https:\/\/www.dragonet.fr\/#organization"},"potentialAction":[{"@type":"SearchAction","target":{"@type":"EntryPoint","urlTemplate":"https:\/\/www.dragonet.fr\/?s={search_term_string}"},"query-input":{"@type":"PropertyValueSpecification","valueRequired":true,"valueName":"search_term_string"}}],"inLanguage":"fr-FR"},{"@type":"Organization","@id":"https:\/\/www.dragonet.fr\/#organization","name":"Dragonet.fr","url":"https:\/\/www.dragonet.fr\/","logo":{"@type":"ImageObject","inLanguage":"fr-FR","@id":"https:\/\/www.dragonet.fr\/#\/schema\/logo\/image\/","url":"https:\/\/www.dragonet.fr\/wp-content\/uploads\/2022\/06\/DRAGONET-250-218.png","contentUrl":"https:\/\/www.dragonet.fr\/wp-content\/uploads\/2022\/06\/DRAGONET-250-218.png","width":250,"height":218,"caption":"Dragonet.fr"},"image":{"@id":"https:\/\/www.dragonet.fr\/#\/schema\/logo\/image\/"}}]}},"_links":{"self":[{"href":"https:\/\/www.dragonet.fr\/index.php\/wp-json\/wp\/v2\/pages\/666","targetHints":{"allow":["GET"]}}],"collection":[{"href":"https:\/\/www.dragonet.fr\/index.php\/wp-json\/wp\/v2\/pages"}],"about":[{"href":"https:\/\/www.dragonet.fr\/index.php\/wp-json\/wp\/v2\/types\/page"}],"author":[{"embeddable":true,"href":"https:\/\/www.dragonet.fr\/index.php\/wp-json\/wp\/v2\/users\/1"}],"replies":[{"embeddable":true,"href":"https:\/\/www.dragonet.fr\/index.php\/wp-json\/wp\/v2\/comments?post=666"}],"version-history":[{"count":10,"href":"https:\/\/www.dragonet.fr\/index.php\/wp-json\/wp\/v2\/pages\/666\/revisions"}],"predecessor-version":[{"id":684,"href":"https:\/\/www.dragonet.fr\/index.php\/wp-json\/wp\/v2\/pages\/666\/revisions\/684"}],"wp:attachment":[{"href":"https:\/\/www.dragonet.fr\/index.php\/wp-json\/wp\/v2\/media?parent=666"}],"curies":[{"name":"wp","href":"https:\/\/api.w.org\/{rel}","templated":true}]}}