{"id":438,"date":"2022-06-07T23:32:12","date_gmt":"2022-06-07T21:32:12","guid":{"rendered":"https:\/\/www.dragonet.fr\/?page_id=438"},"modified":"2022-06-09T23:12:01","modified_gmt":"2022-06-09T21:12:01","slug":"tiers-pays","status":"publish","type":"page","link":"https:\/\/www.dragonet.fr\/index.php\/tiers-pays\/","title":{"rendered":"Tiers-Pays"},"content":{"rendered":"\t\t<div data-elementor-type=\"wp-page\" data-elementor-id=\"438\" class=\"elementor elementor-438\">\n\t\t\t\t\t\t<section class=\"elementor-section elementor-top-section elementor-element elementor-element-22bfafd elementor-section-boxed elementor-section-height-default elementor-section-height-default\" data-id=\"22bfafd\" data-element_type=\"section\" data-e-type=\"section\">\n\t\t\t\t\t\t<div class=\"elementor-container elementor-column-gap-default\">\n\t\t\t\t\t<div class=\"elementor-column elementor-col-100 elementor-top-column elementor-element elementor-element-901964e\" data-id=\"901964e\" data-element_type=\"column\" data-e-type=\"column\">\n\t\t\t<div class=\"elementor-widget-wrap elementor-element-populated\">\n\t\t\t\t\t\t<div class=\"elementor-element elementor-element-21059ec elementor-widget elementor-widget-text-editor\" data-id=\"21059ec\" data-element_type=\"widget\" data-e-type=\"widget\" data-widget_type=\"text-editor.default\">\n\t\t\t\t<div class=\"elementor-widget-container\">\n\t\t\t\t\t\t\t\t\t<div><h1 style=\"text-align: center;\"><span style=\"font-family: americorps-laser; font-size: 24pt; color: #dd4b40;\">Transport de marchandises <\/span><\/h1><h1 style=\"text-align: center;\"><span style=\"font-family: americorps-laser; font-size: 24pt; color: #dd4b40;\">\u00e0 l&rsquo;international<br \/><\/span><\/h1><\/div>\t\t\t\t\t\t\t\t<\/div>\n\t\t\t\t<\/div>\n\t\t\t\t\t<\/div>\n\t\t<\/div>\n\t\t\t\t\t<\/div>\n\t\t<\/section>\n\t\t\t\t<section class=\"elementor-section elementor-top-section elementor-element elementor-element-ff66346 elementor-section-boxed elementor-section-height-default elementor-section-height-default\" data-id=\"ff66346\" data-element_type=\"section\" data-e-type=\"section\">\n\t\t\t\t\t\t<div class=\"elementor-container elementor-column-gap-default\">\n\t\t\t\t\t<div class=\"elementor-column elementor-col-100 elementor-top-column elementor-element elementor-element-44655a5\" data-id=\"44655a5\" data-element_type=\"column\" data-e-type=\"column\">\n\t\t\t<div class=\"elementor-widget-wrap elementor-element-populated\">\n\t\t\t\t\t\t<div class=\"elementor-element elementor-element-7da7658 elementor-widget-divider--view-line elementor-widget elementor-widget-divider\" data-id=\"7da7658\" data-element_type=\"widget\" data-e-type=\"widget\" data-widget_type=\"divider.default\">\n\t\t\t\t<div class=\"elementor-widget-container\">\n\t\t\t\t\t\t\t<div class=\"elementor-divider\">\n\t\t\t<span class=\"elementor-divider-separator\">\n\t\t\t\t\t\t<\/span>\n\t\t<\/div>\n\t\t\t\t\t\t<\/div>\n\t\t\t\t<\/div>\n\t\t\t\t\t<\/div>\n\t\t<\/div>\n\t\t\t\t\t<\/div>\n\t\t<\/section>\n\t\t\t\t<section class=\"elementor-section elementor-top-section elementor-element elementor-element-724ed69 elementor-section-boxed elementor-section-height-default elementor-section-height-default\" data-id=\"724ed69\" data-element_type=\"section\" data-e-type=\"section\">\n\t\t\t\t\t\t<div class=\"elementor-container elementor-column-gap-default\">\n\t\t\t\t\t<div class=\"elementor-column elementor-col-66 elementor-top-column elementor-element elementor-element-dae6380\" data-id=\"dae6380\" data-element_type=\"column\" data-e-type=\"column\">\n\t\t\t<div class=\"elementor-widget-wrap elementor-element-populated\">\n\t\t\t\t\t\t<div class=\"elementor-element elementor-element-f4edb48 elementor-widget elementor-widget-text-editor\" data-id=\"f4edb48\" data-element_type=\"widget\" data-e-type=\"widget\" data-widget_type=\"text-editor.default\">\n\t\t\t\t<div class=\"elementor-widget-container\">\n\t\t\t\t\t\t\t\t\t<div class=\"qlubcontainer_headertext\"><div><strong><span style=\"font-family: montserrat; font-size: 24pt;\"><span class=\"secondcolor \" style=\"font-size: 14pt;\">Demandez votre devis pour des <\/span><\/span><span style=\"font-size: 14pt;\"><span style=\"font-family: montserrat;\"><span class=\"secondcolor \">Solutions sp\u00e9cifiques entre les diff\u00e9rentes r\u00e9gions du monde.<\/span><\/span><\/span><\/strong><\/div><div>\u00a0<\/div><\/div><div><div><span style=\"font-family: montserrat;\">Quelques exemples :<\/span><\/div><ol><li><span style=\"font-family: montserrat;\">Europe\u00a0\u2192 Maghreb<\/span><\/li><li><span style=\"font-family: montserrat;\">Asie\u00a0\u2192 Europe<\/span><\/li><li><span style=\"font-family: montserrat;\">Asie\u00a0\u2192 Maghreb<\/span><\/li><li><span style=\"font-family: montserrat;\">Asie\u00a0\u2192 Asie<\/span><\/li><li><span style=\"font-family: montserrat;\">Europe \u2192 Europe<\/span><\/li><li><span style=\"font-family: montserrat;\">Europe \u2192 Am\u00e9riques<\/span><\/li><\/ol><\/div><p class=\"rpd-h4\"><span style=\"font-size: 24pt;\"><strong><span style=\"font-family: montserrat; color: #dd4b40;\">Tarif attractif<\/span><\/strong><\/span><\/p><p class=\"rpd-h4\"><span style=\"font-family: montserrat; font-size: 14pt;\">Le tarif peut \u00eatre particuli\u00e8rement attractif, surtout si nous avons la possibilit\u00e9 d&rsquo;envoyer la commande en direct sans passer par la France : gain de temps et co\u00fbt maitris\u00e9.<\/span><\/p>\t\t\t\t\t\t\t\t<\/div>\n\t\t\t\t<\/div>\n\t\t\t\t\t<\/div>\n\t\t<\/div>\n\t\t\t\t<div class=\"elementor-column elementor-col-33 elementor-top-column elementor-element elementor-element-d5a6496\" data-id=\"d5a6496\" data-element_type=\"column\" data-e-type=\"column\">\n\t\t\t<div class=\"elementor-widget-wrap elementor-element-populated\">\n\t\t\t\t\t\t<div class=\"elementor-element elementor-element-ae9f34d elementor-widget elementor-widget-heading\" data-id=\"ae9f34d\" data-element_type=\"widget\" data-e-type=\"widget\" data-widget_type=\"heading.default\">\n\t\t\t\t<div class=\"elementor-widget-container\">\n\t\t\t\t\t<h1 class=\"elementor-heading-title elementor-size-xl\">Zones<\/h1>\t\t\t\t<\/div>\n\t\t\t\t<\/div>\n\t\t\t\t<div class=\"elementor-element elementor-element-72ab10c elementor-widget-divider--view-line elementor-widget elementor-widget-divider\" data-id=\"72ab10c\" data-element_type=\"widget\" data-e-type=\"widget\" data-widget_type=\"divider.default\">\n\t\t\t\t<div class=\"elementor-widget-container\">\n\t\t\t\t\t\t\t<div class=\"elementor-divider\">\n\t\t\t<span class=\"elementor-divider-separator\">\n\t\t\t\t\t\t<\/span>\n\t\t<\/div>\n\t\t\t\t\t\t<\/div>\n\t\t\t\t<\/div>\n\t\t\t\t<div class=\"elementor-element elementor-element-52cd328 elementor-widget elementor-widget-text-editor\" data-id=\"52cd328\" data-element_type=\"widget\" data-e-type=\"widget\" data-widget_type=\"text-editor.default\">\n\t\t\t\t<div class=\"elementor-widget-container\">\n\t\t\t\t\t\t\t\t\t<ul><li style=\"text-align: left;\"><span style=\"color: #dd4b40; font-size: 18pt;\"><a style=\"color: #dd4b40;\" href=\"\/index.php\/france\"><span style=\"font-family: montserrat;\">France<\/span><\/a><\/span><\/li><li style=\"text-align: left;\"><span style=\"color: #dd4b40; font-size: 18pt;\"><a style=\"color: #dd4b40;\" href=\"\/index.php\/europe\"><span style=\"font-family: montserrat;\">Europe<\/span><\/a><\/span><\/li><li style=\"text-align: left;\"><span style=\"color: #dd4b40; font-size: 18pt;\"><a style=\"color: #dd4b40;\" href=\"\/index.php\/asie\"><span style=\"font-family: montserrat;\">Asie<\/span><\/a><\/span><\/li><li style=\"text-align: left;\"><span style=\"color: #dd4b40; font-size: 18pt;\"><a style=\"color: #dd4b40;\" href=\"\/index.php\/amerique\"><span style=\"font-family: montserrat;\">Am\u00e9rique<\/span><\/a><\/span><\/li><li style=\"text-align: left;\"><span style=\"color: #dd4b40; font-size: 18pt;\"><a style=\"color: #dd4b40;\" href=\"\/index.php\/afrique\"><span style=\"font-family: montserrat;\">Afrique<\/span><\/a><\/span><\/li><li style=\"text-align: left;\"><span style=\"color: #dd4b40; font-size: 18pt;\"><a style=\"color: #dd4b40;\" href=\"\/index.php\/oceanie\"><span style=\"font-family: montserrat;\">Oc\u00e9anie<\/span><\/a><\/span><\/li><li style=\"text-align: left;\"><span style=\"color: #dd4b40; font-size: 18pt;\"><a style=\"color: #dd4b40;\" href=\"\/index.php\/tiers-pays\"><span style=\"font-family: montserrat;\">Tiers-Pays<\/span><\/a><\/span><\/li><\/ul>\t\t\t\t\t\t\t\t<\/div>\n\t\t\t\t<\/div>\n\t\t\t\t\t<\/div>\n\t\t<\/div>\n\t\t\t\t\t<\/div>\n\t\t<\/section>\n\t\t\t\t<\/div>\n\t\t","protected":false},"excerpt":{"rendered":"<p>Transport de marchandises \u00e0 l&rsquo;international Demandez votre devis pour des Solutions sp\u00e9cifiques entre les diff\u00e9rentes r\u00e9gions du monde.\u00a0Quelques exemples : Europe\u00a0\u2192 Maghreb Asie\u00a0\u2192 Europe Asie\u00a0\u2192 Maghreb Asie\u00a0\u2192 Asie Europe \u2192&hellip;<\/p>\n","protected":false},"author":1,"featured_media":0,"parent":0,"menu_order":0,"comment_status":"closed","ping_status":"closed","template":"","meta":{"footnotes":""},"class_list":["post-438","page","type-page","status-publish","hentry"],"yoast_head":"<!-- This site is optimized with the Yoast SEO plugin v27.4 - https:\/\/yoast.com\/product\/yoast-seo-wordpress\/ -->\n<title>Tiers-Pays - Dragonet.fr<\/title>\n<meta name=\"robots\" content=\"index, follow, max-snippet:-1, max-image-preview:large, max-video-preview:-1\" \/>\n<link rel=\"canonical\" href=\"https:\/\/www.dragonet.fr\/index.php\/tiers-pays\/\" \/>\n<meta property=\"og:locale\" content=\"fr_FR\" \/>\n<meta property=\"og:type\" content=\"article\" \/>\n<meta property=\"og:title\" content=\"Tiers-Pays - Dragonet.fr\" \/>\n<meta property=\"og:description\" content=\"Transport de marchandises \u00e0 l&rsquo;international Demandez votre devis pour des Solutions sp\u00e9cifiques entre les diff\u00e9rentes r\u00e9gions du monde.\u00a0Quelques exemples : Europe\u00a0\u2192 Maghreb Asie\u00a0\u2192 Europe Asie\u00a0\u2192 Maghreb Asie\u00a0\u2192 Asie Europe \u2192&hellip;\" \/>\n<meta property=\"og:url\" content=\"https:\/\/www.dragonet.fr\/index.php\/tiers-pays\/\" \/>\n<meta property=\"og:site_name\" content=\"Dragonet.fr\" \/>\n<meta property=\"article:modified_time\" content=\"2022-06-09T21:12:01+00:00\" \/>\n<meta name=\"twitter:card\" content=\"summary_large_image\" \/>\n<meta name=\"twitter:label1\" content=\"Dur\u00e9e de lecture estim\u00e9e\" \/>\n\t<meta name=\"twitter:data1\" content=\"1 minute\" \/>\n<script type=\"application\/ld+json\" class=\"yoast-schema-graph\">{\"@context\":\"https:\\\/\\\/schema.org\",\"@graph\":[{\"@type\":\"WebPage\",\"@id\":\"https:\\\/\\\/www.dragonet.fr\\\/index.php\\\/tiers-pays\\\/\",\"url\":\"https:\\\/\\\/www.dragonet.fr\\\/index.php\\\/tiers-pays\\\/\",\"name\":\"Tiers-Pays - Dragonet.fr\",\"isPartOf\":{\"@id\":\"https:\\\/\\\/www.dragonet.fr\\\/#website\"},\"datePublished\":\"2022-06-07T21:32:12+00:00\",\"dateModified\":\"2022-06-09T21:12:01+00:00\",\"breadcrumb\":{\"@id\":\"https:\\\/\\\/www.dragonet.fr\\\/index.php\\\/tiers-pays\\\/#breadcrumb\"},\"inLanguage\":\"fr-FR\",\"potentialAction\":[{\"@type\":\"ReadAction\",\"target\":[\"https:\\\/\\\/www.dragonet.fr\\\/index.php\\\/tiers-pays\\\/\"]}]},{\"@type\":\"BreadcrumbList\",\"@id\":\"https:\\\/\\\/www.dragonet.fr\\\/index.php\\\/tiers-pays\\\/#breadcrumb\",\"itemListElement\":[{\"@type\":\"ListItem\",\"position\":1,\"name\":\"Accueil\",\"item\":\"https:\\\/\\\/www.dragonet.fr\\\/\"},{\"@type\":\"ListItem\",\"position\":2,\"name\":\"Tiers-Pays\"}]},{\"@type\":\"WebSite\",\"@id\":\"https:\\\/\\\/www.dragonet.fr\\\/#website\",\"url\":\"https:\\\/\\\/www.dragonet.fr\\\/\",\"name\":\"Dragonet.fr\",\"description\":\"\",\"publisher\":{\"@id\":\"https:\\\/\\\/www.dragonet.fr\\\/#organization\"},\"potentialAction\":[{\"@type\":\"SearchAction\",\"target\":{\"@type\":\"EntryPoint\",\"urlTemplate\":\"https:\\\/\\\/www.dragonet.fr\\\/?s={search_term_string}\"},\"query-input\":{\"@type\":\"PropertyValueSpecification\",\"valueRequired\":true,\"valueName\":\"search_term_string\"}}],\"inLanguage\":\"fr-FR\"},{\"@type\":\"Organization\",\"@id\":\"https:\\\/\\\/www.dragonet.fr\\\/#organization\",\"name\":\"Dragonet.fr\",\"url\":\"https:\\\/\\\/www.dragonet.fr\\\/\",\"logo\":{\"@type\":\"ImageObject\",\"inLanguage\":\"fr-FR\",\"@id\":\"https:\\\/\\\/www.dragonet.fr\\\/#\\\/schema\\\/logo\\\/image\\\/\",\"url\":\"https:\\\/\\\/www.dragonet.fr\\\/wp-content\\\/uploads\\\/2022\\\/06\\\/DRAGONET-250-218.png\",\"contentUrl\":\"https:\\\/\\\/www.dragonet.fr\\\/wp-content\\\/uploads\\\/2022\\\/06\\\/DRAGONET-250-218.png\",\"width\":250,\"height\":218,\"caption\":\"Dragonet.fr\"},\"image\":{\"@id\":\"https:\\\/\\\/www.dragonet.fr\\\/#\\\/schema\\\/logo\\\/image\\\/\"}}]}<\/script>\n<!-- \/ Yoast SEO plugin. -->","yoast_head_json":{"title":"Tiers-Pays - Dragonet.fr","robots":{"index":"index","follow":"follow","max-snippet":"max-snippet:-1","max-image-preview":"max-image-preview:large","max-video-preview":"max-video-preview:-1"},"canonical":"https:\/\/www.dragonet.fr\/index.php\/tiers-pays\/","og_locale":"fr_FR","og_type":"article","og_title":"Tiers-Pays - Dragonet.fr","og_description":"Transport de marchandises \u00e0 l&rsquo;international Demandez votre devis pour des Solutions sp\u00e9cifiques entre les diff\u00e9rentes r\u00e9gions du monde.\u00a0Quelques exemples : Europe\u00a0\u2192 Maghreb Asie\u00a0\u2192 Europe Asie\u00a0\u2192 Maghreb Asie\u00a0\u2192 Asie Europe \u2192&hellip;","og_url":"https:\/\/www.dragonet.fr\/index.php\/tiers-pays\/","og_site_name":"Dragonet.fr","article_modified_time":"2022-06-09T21:12:01+00:00","twitter_card":"summary_large_image","twitter_misc":{"Dur\u00e9e de lecture estim\u00e9e":"1 minute"},"schema":{"@context":"https:\/\/schema.org","@graph":[{"@type":"WebPage","@id":"https:\/\/www.dragonet.fr\/index.php\/tiers-pays\/","url":"https:\/\/www.dragonet.fr\/index.php\/tiers-pays\/","name":"Tiers-Pays - Dragonet.fr","isPartOf":{"@id":"https:\/\/www.dragonet.fr\/#website"},"datePublished":"2022-06-07T21:32:12+00:00","dateModified":"2022-06-09T21:12:01+00:00","breadcrumb":{"@id":"https:\/\/www.dragonet.fr\/index.php\/tiers-pays\/#breadcrumb"},"inLanguage":"fr-FR","potentialAction":[{"@type":"ReadAction","target":["https:\/\/www.dragonet.fr\/index.php\/tiers-pays\/"]}]},{"@type":"BreadcrumbList","@id":"https:\/\/www.dragonet.fr\/index.php\/tiers-pays\/#breadcrumb","itemListElement":[{"@type":"ListItem","position":1,"name":"Accueil","item":"https:\/\/www.dragonet.fr\/"},{"@type":"ListItem","position":2,"name":"Tiers-Pays"}]},{"@type":"WebSite","@id":"https:\/\/www.dragonet.fr\/#website","url":"https:\/\/www.dragonet.fr\/","name":"Dragonet.fr","description":"","publisher":{"@id":"https:\/\/www.dragonet.fr\/#organization"},"potentialAction":[{"@type":"SearchAction","target":{"@type":"EntryPoint","urlTemplate":"https:\/\/www.dragonet.fr\/?s={search_term_string}"},"query-input":{"@type":"PropertyValueSpecification","valueRequired":true,"valueName":"search_term_string"}}],"inLanguage":"fr-FR"},{"@type":"Organization","@id":"https:\/\/www.dragonet.fr\/#organization","name":"Dragonet.fr","url":"https:\/\/www.dragonet.fr\/","logo":{"@type":"ImageObject","inLanguage":"fr-FR","@id":"https:\/\/www.dragonet.fr\/#\/schema\/logo\/image\/","url":"https:\/\/www.dragonet.fr\/wp-content\/uploads\/2022\/06\/DRAGONET-250-218.png","contentUrl":"https:\/\/www.dragonet.fr\/wp-content\/uploads\/2022\/06\/DRAGONET-250-218.png","width":250,"height":218,"caption":"Dragonet.fr"},"image":{"@id":"https:\/\/www.dragonet.fr\/#\/schema\/logo\/image\/"}}]}},"_links":{"self":[{"href":"https:\/\/www.dragonet.fr\/index.php\/wp-json\/wp\/v2\/pages\/438","targetHints":{"allow":["GET"]}}],"collection":[{"href":"https:\/\/www.dragonet.fr\/index.php\/wp-json\/wp\/v2\/pages"}],"about":[{"href":"https:\/\/www.dragonet.fr\/index.php\/wp-json\/wp\/v2\/types\/page"}],"author":[{"embeddable":true,"href":"https:\/\/www.dragonet.fr\/index.php\/wp-json\/wp\/v2\/users\/1"}],"replies":[{"embeddable":true,"href":"https:\/\/www.dragonet.fr\/index.php\/wp-json\/wp\/v2\/comments?post=438"}],"version-history":[{"count":7,"href":"https:\/\/www.dragonet.fr\/index.php\/wp-json\/wp\/v2\/pages\/438\/revisions"}],"predecessor-version":[{"id":537,"href":"https:\/\/www.dragonet.fr\/index.php\/wp-json\/wp\/v2\/pages\/438\/revisions\/537"}],"wp:attachment":[{"href":"https:\/\/www.dragonet.fr\/index.php\/wp-json\/wp\/v2\/media?parent=438"}],"curies":[{"name":"wp","href":"https:\/\/api.w.org\/{rel}","templated":true}]}}