{"id":400,"date":"2022-06-07T23:04:52","date_gmt":"2022-06-07T21:04:52","guid":{"rendered":"https:\/\/www.dragonet.fr\/?page_id=400"},"modified":"2022-06-09T23:09:05","modified_gmt":"2022-06-09T21:09:05","slug":"asie","status":"publish","type":"page","link":"https:\/\/www.dragonet.fr\/index.php\/asie\/","title":{"rendered":"Asie"},"content":{"rendered":"\t\t<div data-elementor-type=\"wp-page\" data-elementor-id=\"400\" class=\"elementor elementor-400\">\n\t\t\t\t\t\t<section class=\"elementor-section elementor-top-section elementor-element elementor-element-22bfafd elementor-section-boxed elementor-section-height-default elementor-section-height-default\" data-id=\"22bfafd\" data-element_type=\"section\" data-e-type=\"section\">\n\t\t\t\t\t\t<div class=\"elementor-container elementor-column-gap-default\">\n\t\t\t\t\t<div class=\"elementor-column elementor-col-100 elementor-top-column elementor-element elementor-element-901964e\" data-id=\"901964e\" data-element_type=\"column\" data-e-type=\"column\">\n\t\t\t<div class=\"elementor-widget-wrap elementor-element-populated\">\n\t\t\t\t\t\t<div class=\"elementor-element elementor-element-21059ec elementor-widget elementor-widget-text-editor\" data-id=\"21059ec\" data-element_type=\"widget\" data-e-type=\"widget\" data-widget_type=\"text-editor.default\">\n\t\t\t\t<div class=\"elementor-widget-container\">\n\t\t\t\t\t\t\t\t\t<div><h1 style=\"text-align: center;\"><span style=\"font-family: americorps-laser; font-size: 24pt; color: #dd4b40;\">Transport de marchandises<\/span><\/h1><h1 style=\"text-align: center;\"><span style=\"font-family: americorps-laser; font-size: 24pt; color: #dd4b40;\">en <\/span><span style=\"font-family: americorps-laser; font-size: 24pt; color: #dd4b40;\">Asie<\/span><\/h1><\/div>\t\t\t\t\t\t\t\t<\/div>\n\t\t\t\t<\/div>\n\t\t\t\t\t<\/div>\n\t\t<\/div>\n\t\t\t\t\t<\/div>\n\t\t<\/section>\n\t\t\t\t<section class=\"elementor-section elementor-top-section elementor-element elementor-element-211f320 elementor-section-boxed elementor-section-height-default elementor-section-height-default\" data-id=\"211f320\" data-element_type=\"section\" data-e-type=\"section\">\n\t\t\t\t\t\t<div class=\"elementor-container elementor-column-gap-default\">\n\t\t\t\t\t<div class=\"elementor-column elementor-col-100 elementor-top-column elementor-element elementor-element-684a231\" data-id=\"684a231\" data-element_type=\"column\" data-e-type=\"column\">\n\t\t\t<div class=\"elementor-widget-wrap elementor-element-populated\">\n\t\t\t\t\t\t<div class=\"elementor-element elementor-element-455ebdc elementor-widget-divider--view-line elementor-widget elementor-widget-divider\" data-id=\"455ebdc\" data-element_type=\"widget\" data-e-type=\"widget\" data-widget_type=\"divider.default\">\n\t\t\t\t<div class=\"elementor-widget-container\">\n\t\t\t\t\t\t\t<div class=\"elementor-divider\">\n\t\t\t<span class=\"elementor-divider-separator\">\n\t\t\t\t\t\t<\/span>\n\t\t<\/div>\n\t\t\t\t\t\t<\/div>\n\t\t\t\t<\/div>\n\t\t\t\t\t<\/div>\n\t\t<\/div>\n\t\t\t\t\t<\/div>\n\t\t<\/section>\n\t\t\t\t<section class=\"elementor-section elementor-top-section elementor-element elementor-element-724ed69 elementor-section-boxed elementor-section-height-default elementor-section-height-default\" data-id=\"724ed69\" data-element_type=\"section\" data-e-type=\"section\">\n\t\t\t\t\t\t<div class=\"elementor-container elementor-column-gap-default\">\n\t\t\t\t\t<div class=\"elementor-column elementor-col-66 elementor-top-column elementor-element elementor-element-dae6380\" data-id=\"dae6380\" data-element_type=\"column\" data-e-type=\"column\">\n\t\t\t<div class=\"elementor-widget-wrap elementor-element-populated\">\n\t\t\t\t\t\t<div class=\"elementor-element elementor-element-f4edb48 elementor-widget elementor-widget-text-editor\" data-id=\"f4edb48\" data-element_type=\"widget\" data-e-type=\"widget\" data-widget_type=\"text-editor.default\">\n\t\t\t\t<div class=\"elementor-widget-container\">\n\t\t\t\t\t\t\t\t\t<div class=\"qlubcontainer_headertext\"><div><span style=\"font-family: montserrat; font-size: 24pt;\"><span class=\"firstcolor\">Transport<\/span><span class=\"secondcolor \"> France &#8211; Asie<\/span><\/span><\/div><div>\u00a0<\/div><div><span style=\"font-family: montserrat; font-size: 14pt;\">Dragonet r\u00e9alise 80 % d&rsquo;import et 20 % d&rsquo;export de marchandises avec les pays d&rsquo;Asie.<\/span><\/div><\/div><div>\u00a0<\/div><div><p class=\"rpd-h4\"><span style=\"font-family: montserrat; font-size: 18pt; color: #dd4b40;\">Marchandises de 0.5 kg \u00e0 plusieurs tonnes<\/span><\/p><p>\u00a0<\/p><\/div><div><p><span style=\"font-family: montserrat; font-size: 12pt;\">Qu&rsquo;il s&rsquo;agisse <strong>d&rsquo;\u00e9chantillons ou de produits finis de toutes sortes<\/strong> : <\/span><\/p><p><span style=\"font-family: montserrat; font-size: 12pt;\">Mat\u00e9riel et appareils \u00e9lectriques ou \u00e9lectroniques, v\u00eatements et accessoires, bijoux fantaisies, rouleaux de tissu, maroquinerie, linge de maison, petit mobilier, mat\u00e9riel de cuisine, emballages et packagings, objets publicitaires, accessoires de t\u00e9l\u00e9phone, montures de lunettes&#8230;<\/span><\/p><\/div>\t\t\t\t\t\t\t\t<\/div>\n\t\t\t\t<\/div>\n\t\t\t\t\t<\/div>\n\t\t<\/div>\n\t\t\t\t<div class=\"elementor-column elementor-col-33 elementor-top-column elementor-element elementor-element-d5a6496\" data-id=\"d5a6496\" data-element_type=\"column\" data-e-type=\"column\">\n\t\t\t<div class=\"elementor-widget-wrap elementor-element-populated\">\n\t\t\t\t\t\t<div class=\"elementor-element elementor-element-ae9f34d elementor-widget elementor-widget-heading\" data-id=\"ae9f34d\" data-element_type=\"widget\" data-e-type=\"widget\" data-widget_type=\"heading.default\">\n\t\t\t\t<div class=\"elementor-widget-container\">\n\t\t\t\t\t<h1 class=\"elementor-heading-title elementor-size-xl\">Zones<\/h1>\t\t\t\t<\/div>\n\t\t\t\t<\/div>\n\t\t\t\t<div class=\"elementor-element elementor-element-72ab10c elementor-widget-divider--view-line elementor-widget elementor-widget-divider\" data-id=\"72ab10c\" data-element_type=\"widget\" data-e-type=\"widget\" data-widget_type=\"divider.default\">\n\t\t\t\t<div class=\"elementor-widget-container\">\n\t\t\t\t\t\t\t<div class=\"elementor-divider\">\n\t\t\t<span class=\"elementor-divider-separator\">\n\t\t\t\t\t\t<\/span>\n\t\t<\/div>\n\t\t\t\t\t\t<\/div>\n\t\t\t\t<\/div>\n\t\t\t\t<div class=\"elementor-element elementor-element-52cd328 elementor-widget elementor-widget-text-editor\" data-id=\"52cd328\" data-element_type=\"widget\" data-e-type=\"widget\" data-widget_type=\"text-editor.default\">\n\t\t\t\t<div class=\"elementor-widget-container\">\n\t\t\t\t\t\t\t\t\t<ul><li style=\"text-align: left;\"><span style=\"color: #dd4b40; font-size: 18pt;\"><a style=\"color: #dd4b40;\" href=\"\/index.php\/france\"><span style=\"font-family: montserrat;\">France<\/span><\/a><\/span><\/li><li style=\"text-align: left;\"><span style=\"color: #dd4b40; font-size: 18pt;\"><a style=\"color: #dd4b40;\" href=\"\/index.php\/europe\"><span style=\"font-family: montserrat;\">Europe<\/span><\/a><\/span><\/li><li style=\"text-align: left;\"><span style=\"color: #dd4b40; font-size: 18pt;\"><a style=\"color: #dd4b40;\" href=\"\/index.php\/asie\"><span style=\"font-family: montserrat;\">Asie<\/span><\/a><\/span><\/li><li style=\"text-align: left;\"><span style=\"color: #dd4b40; font-size: 18pt;\"><a style=\"color: #dd4b40;\" href=\"\/index.php\/amerique\"><span style=\"font-family: montserrat;\">Am\u00e9rique<\/span><\/a><\/span><\/li><li style=\"text-align: left;\"><span style=\"color: #dd4b40; font-size: 18pt;\"><a style=\"color: #dd4b40;\" href=\"\/index.php\/afrique\"><span style=\"font-family: montserrat;\">Afrique<\/span><\/a><\/span><\/li><li style=\"text-align: left;\"><span style=\"color: #dd4b40; font-size: 18pt;\"><a style=\"color: #dd4b40;\" href=\"\/index.php\/oceanie\"><span style=\"font-family: montserrat;\">Oc\u00e9anie<\/span><\/a><\/span><\/li><li style=\"text-align: left;\"><span style=\"color: #dd4b40; font-size: 18pt;\"><a style=\"color: #dd4b40;\" href=\"\/index.php\/tiers-pays\"><span style=\"font-family: montserrat;\">Tiers-Pays<\/span><\/a><\/span><\/li><\/ul>\t\t\t\t\t\t\t\t<\/div>\n\t\t\t\t<\/div>\n\t\t\t\t\t<\/div>\n\t\t<\/div>\n\t\t\t\t\t<\/div>\n\t\t<\/section>\n\t\t\t\t<\/div>\n\t\t","protected":false},"excerpt":{"rendered":"<p>Transport de marchandises en Asie Transport France &#8211; Asie\u00a0Dragonet r\u00e9alise 80 % d&rsquo;import et 20 % d&rsquo;export de marchandises avec les pays d&rsquo;Asie.\u00a0 Marchandises de 0.5 kg \u00e0 plusieurs tonnes&hellip;<\/p>\n","protected":false},"author":1,"featured_media":0,"parent":0,"menu_order":0,"comment_status":"closed","ping_status":"closed","template":"","meta":{"footnotes":""},"class_list":["post-400","page","type-page","status-publish","hentry"],"yoast_head":"<!-- This site is optimized with the Yoast SEO plugin v27.4 - https:\/\/yoast.com\/product\/yoast-seo-wordpress\/ -->\n<title>Asie - Dragonet.fr<\/title>\n<meta name=\"robots\" content=\"index, follow, max-snippet:-1, max-image-preview:large, max-video-preview:-1\" \/>\n<link rel=\"canonical\" href=\"https:\/\/www.dragonet.fr\/index.php\/asie\/\" \/>\n<meta property=\"og:locale\" content=\"fr_FR\" \/>\n<meta property=\"og:type\" content=\"article\" \/>\n<meta property=\"og:title\" content=\"Asie - Dragonet.fr\" \/>\n<meta property=\"og:description\" content=\"Transport de marchandises en Asie Transport France &#8211; Asie\u00a0Dragonet r\u00e9alise 80 % d&rsquo;import et 20 % d&rsquo;export de marchandises avec les pays d&rsquo;Asie.\u00a0 Marchandises de 0.5 kg \u00e0 plusieurs tonnes&hellip;\" \/>\n<meta property=\"og:url\" content=\"https:\/\/www.dragonet.fr\/index.php\/asie\/\" \/>\n<meta property=\"og:site_name\" content=\"Dragonet.fr\" \/>\n<meta property=\"article:modified_time\" content=\"2022-06-09T21:09:05+00:00\" \/>\n<meta name=\"twitter:card\" content=\"summary_large_image\" \/>\n<meta name=\"twitter:label1\" content=\"Dur\u00e9e de lecture estim\u00e9e\" \/>\n\t<meta name=\"twitter:data1\" content=\"1 minute\" \/>\n<script type=\"application\/ld+json\" class=\"yoast-schema-graph\">{\"@context\":\"https:\\\/\\\/schema.org\",\"@graph\":[{\"@type\":\"WebPage\",\"@id\":\"https:\\\/\\\/www.dragonet.fr\\\/index.php\\\/asie\\\/\",\"url\":\"https:\\\/\\\/www.dragonet.fr\\\/index.php\\\/asie\\\/\",\"name\":\"Asie - Dragonet.fr\",\"isPartOf\":{\"@id\":\"https:\\\/\\\/www.dragonet.fr\\\/#website\"},\"datePublished\":\"2022-06-07T21:04:52+00:00\",\"dateModified\":\"2022-06-09T21:09:05+00:00\",\"breadcrumb\":{\"@id\":\"https:\\\/\\\/www.dragonet.fr\\\/index.php\\\/asie\\\/#breadcrumb\"},\"inLanguage\":\"fr-FR\",\"potentialAction\":[{\"@type\":\"ReadAction\",\"target\":[\"https:\\\/\\\/www.dragonet.fr\\\/index.php\\\/asie\\\/\"]}]},{\"@type\":\"BreadcrumbList\",\"@id\":\"https:\\\/\\\/www.dragonet.fr\\\/index.php\\\/asie\\\/#breadcrumb\",\"itemListElement\":[{\"@type\":\"ListItem\",\"position\":1,\"name\":\"Accueil\",\"item\":\"https:\\\/\\\/www.dragonet.fr\\\/\"},{\"@type\":\"ListItem\",\"position\":2,\"name\":\"Asie\"}]},{\"@type\":\"WebSite\",\"@id\":\"https:\\\/\\\/www.dragonet.fr\\\/#website\",\"url\":\"https:\\\/\\\/www.dragonet.fr\\\/\",\"name\":\"Dragonet.fr\",\"description\":\"\",\"publisher\":{\"@id\":\"https:\\\/\\\/www.dragonet.fr\\\/#organization\"},\"potentialAction\":[{\"@type\":\"SearchAction\",\"target\":{\"@type\":\"EntryPoint\",\"urlTemplate\":\"https:\\\/\\\/www.dragonet.fr\\\/?s={search_term_string}\"},\"query-input\":{\"@type\":\"PropertyValueSpecification\",\"valueRequired\":true,\"valueName\":\"search_term_string\"}}],\"inLanguage\":\"fr-FR\"},{\"@type\":\"Organization\",\"@id\":\"https:\\\/\\\/www.dragonet.fr\\\/#organization\",\"name\":\"Dragonet.fr\",\"url\":\"https:\\\/\\\/www.dragonet.fr\\\/\",\"logo\":{\"@type\":\"ImageObject\",\"inLanguage\":\"fr-FR\",\"@id\":\"https:\\\/\\\/www.dragonet.fr\\\/#\\\/schema\\\/logo\\\/image\\\/\",\"url\":\"https:\\\/\\\/www.dragonet.fr\\\/wp-content\\\/uploads\\\/2022\\\/06\\\/DRAGONET-250-218.png\",\"contentUrl\":\"https:\\\/\\\/www.dragonet.fr\\\/wp-content\\\/uploads\\\/2022\\\/06\\\/DRAGONET-250-218.png\",\"width\":250,\"height\":218,\"caption\":\"Dragonet.fr\"},\"image\":{\"@id\":\"https:\\\/\\\/www.dragonet.fr\\\/#\\\/schema\\\/logo\\\/image\\\/\"}}]}<\/script>\n<!-- \/ Yoast SEO plugin. -->","yoast_head_json":{"title":"Asie - Dragonet.fr","robots":{"index":"index","follow":"follow","max-snippet":"max-snippet:-1","max-image-preview":"max-image-preview:large","max-video-preview":"max-video-preview:-1"},"canonical":"https:\/\/www.dragonet.fr\/index.php\/asie\/","og_locale":"fr_FR","og_type":"article","og_title":"Asie - Dragonet.fr","og_description":"Transport de marchandises en Asie Transport France &#8211; Asie\u00a0Dragonet r\u00e9alise 80 % d&rsquo;import et 20 % d&rsquo;export de marchandises avec les pays d&rsquo;Asie.\u00a0 Marchandises de 0.5 kg \u00e0 plusieurs tonnes&hellip;","og_url":"https:\/\/www.dragonet.fr\/index.php\/asie\/","og_site_name":"Dragonet.fr","article_modified_time":"2022-06-09T21:09:05+00:00","twitter_card":"summary_large_image","twitter_misc":{"Dur\u00e9e de lecture estim\u00e9e":"1 minute"},"schema":{"@context":"https:\/\/schema.org","@graph":[{"@type":"WebPage","@id":"https:\/\/www.dragonet.fr\/index.php\/asie\/","url":"https:\/\/www.dragonet.fr\/index.php\/asie\/","name":"Asie - Dragonet.fr","isPartOf":{"@id":"https:\/\/www.dragonet.fr\/#website"},"datePublished":"2022-06-07T21:04:52+00:00","dateModified":"2022-06-09T21:09:05+00:00","breadcrumb":{"@id":"https:\/\/www.dragonet.fr\/index.php\/asie\/#breadcrumb"},"inLanguage":"fr-FR","potentialAction":[{"@type":"ReadAction","target":["https:\/\/www.dragonet.fr\/index.php\/asie\/"]}]},{"@type":"BreadcrumbList","@id":"https:\/\/www.dragonet.fr\/index.php\/asie\/#breadcrumb","itemListElement":[{"@type":"ListItem","position":1,"name":"Accueil","item":"https:\/\/www.dragonet.fr\/"},{"@type":"ListItem","position":2,"name":"Asie"}]},{"@type":"WebSite","@id":"https:\/\/www.dragonet.fr\/#website","url":"https:\/\/www.dragonet.fr\/","name":"Dragonet.fr","description":"","publisher":{"@id":"https:\/\/www.dragonet.fr\/#organization"},"potentialAction":[{"@type":"SearchAction","target":{"@type":"EntryPoint","urlTemplate":"https:\/\/www.dragonet.fr\/?s={search_term_string}"},"query-input":{"@type":"PropertyValueSpecification","valueRequired":true,"valueName":"search_term_string"}}],"inLanguage":"fr-FR"},{"@type":"Organization","@id":"https:\/\/www.dragonet.fr\/#organization","name":"Dragonet.fr","url":"https:\/\/www.dragonet.fr\/","logo":{"@type":"ImageObject","inLanguage":"fr-FR","@id":"https:\/\/www.dragonet.fr\/#\/schema\/logo\/image\/","url":"https:\/\/www.dragonet.fr\/wp-content\/uploads\/2022\/06\/DRAGONET-250-218.png","contentUrl":"https:\/\/www.dragonet.fr\/wp-content\/uploads\/2022\/06\/DRAGONET-250-218.png","width":250,"height":218,"caption":"Dragonet.fr"},"image":{"@id":"https:\/\/www.dragonet.fr\/#\/schema\/logo\/image\/"}}]}},"_links":{"self":[{"href":"https:\/\/www.dragonet.fr\/index.php\/wp-json\/wp\/v2\/pages\/400","targetHints":{"allow":["GET"]}}],"collection":[{"href":"https:\/\/www.dragonet.fr\/index.php\/wp-json\/wp\/v2\/pages"}],"about":[{"href":"https:\/\/www.dragonet.fr\/index.php\/wp-json\/wp\/v2\/types\/page"}],"author":[{"embeddable":true,"href":"https:\/\/www.dragonet.fr\/index.php\/wp-json\/wp\/v2\/users\/1"}],"replies":[{"embeddable":true,"href":"https:\/\/www.dragonet.fr\/index.php\/wp-json\/wp\/v2\/comments?post=400"}],"version-history":[{"count":16,"href":"https:\/\/www.dragonet.fr\/index.php\/wp-json\/wp\/v2\/pages\/400\/revisions"}],"predecessor-version":[{"id":528,"href":"https:\/\/www.dragonet.fr\/index.php\/wp-json\/wp\/v2\/pages\/400\/revisions\/528"}],"wp:attachment":[{"href":"https:\/\/www.dragonet.fr\/index.php\/wp-json\/wp\/v2\/media?parent=400"}],"curies":[{"name":"wp","href":"https:\/\/api.w.org\/{rel}","templated":true}]}}