{"id":389,"date":"2022-06-07T22:58:21","date_gmt":"2022-06-07T20:58:21","guid":{"rendered":"https:\/\/www.dragonet.fr\/?page_id=389"},"modified":"2022-06-09T23:08:43","modified_gmt":"2022-06-09T21:08:43","slug":"europe","status":"publish","type":"page","link":"https:\/\/www.dragonet.fr\/index.php\/europe\/","title":{"rendered":"Europe"},"content":{"rendered":"\t\t<div data-elementor-type=\"wp-page\" data-elementor-id=\"389\" class=\"elementor elementor-389\">\n\t\t\t\t\t\t<section class=\"elementor-section elementor-top-section elementor-element elementor-element-22bfafd elementor-section-boxed elementor-section-height-default elementor-section-height-default\" data-id=\"22bfafd\" data-element_type=\"section\" data-e-type=\"section\">\n\t\t\t\t\t\t<div class=\"elementor-container elementor-column-gap-default\">\n\t\t\t\t\t<div class=\"elementor-column elementor-col-100 elementor-top-column elementor-element elementor-element-901964e\" data-id=\"901964e\" data-element_type=\"column\" data-e-type=\"column\">\n\t\t\t<div class=\"elementor-widget-wrap elementor-element-populated\">\n\t\t\t\t\t\t<div class=\"elementor-element elementor-element-21059ec elementor-widget elementor-widget-text-editor\" data-id=\"21059ec\" data-element_type=\"widget\" data-e-type=\"widget\" data-widget_type=\"text-editor.default\">\n\t\t\t\t<div class=\"elementor-widget-container\">\n\t\t\t\t\t\t\t\t\t<div><h1 style=\"text-align: center;\"><span style=\"font-family: americorps-laser; font-size: 24pt; color: #dd4b40;\">Transport de marchandises <\/span><\/h1><h1 style=\"text-align: center;\"><span style=\"font-family: americorps-laser; font-size: 24pt; color: #dd4b40;\">en Europe<\/span><\/h1><\/div>\t\t\t\t\t\t\t\t<\/div>\n\t\t\t\t<\/div>\n\t\t\t\t\t<\/div>\n\t\t<\/div>\n\t\t\t\t\t<\/div>\n\t\t<\/section>\n\t\t\t\t<section class=\"elementor-section elementor-top-section elementor-element elementor-element-1712443 elementor-section-boxed elementor-section-height-default elementor-section-height-default\" data-id=\"1712443\" data-element_type=\"section\" data-e-type=\"section\">\n\t\t\t\t\t\t<div class=\"elementor-container elementor-column-gap-default\">\n\t\t\t\t\t<div class=\"elementor-column elementor-col-100 elementor-top-column elementor-element elementor-element-0dbd8cf\" data-id=\"0dbd8cf\" data-element_type=\"column\" data-e-type=\"column\">\n\t\t\t<div class=\"elementor-widget-wrap elementor-element-populated\">\n\t\t\t\t\t\t<div class=\"elementor-element elementor-element-d8789bf elementor-widget-divider--view-line elementor-widget elementor-widget-divider\" data-id=\"d8789bf\" data-element_type=\"widget\" data-e-type=\"widget\" data-widget_type=\"divider.default\">\n\t\t\t\t<div class=\"elementor-widget-container\">\n\t\t\t\t\t\t\t<div class=\"elementor-divider\">\n\t\t\t<span class=\"elementor-divider-separator\">\n\t\t\t\t\t\t<\/span>\n\t\t<\/div>\n\t\t\t\t\t\t<\/div>\n\t\t\t\t<\/div>\n\t\t\t\t\t<\/div>\n\t\t<\/div>\n\t\t\t\t\t<\/div>\n\t\t<\/section>\n\t\t\t\t<section class=\"elementor-section elementor-top-section elementor-element elementor-element-724ed69 elementor-section-boxed elementor-section-height-default elementor-section-height-default\" data-id=\"724ed69\" data-element_type=\"section\" data-e-type=\"section\">\n\t\t\t\t\t\t<div class=\"elementor-container elementor-column-gap-default\">\n\t\t\t\t\t<div class=\"elementor-column elementor-col-66 elementor-top-column elementor-element elementor-element-dae6380\" data-id=\"dae6380\" data-element_type=\"column\" data-e-type=\"column\">\n\t\t\t<div class=\"elementor-widget-wrap elementor-element-populated\">\n\t\t\t\t\t\t<div class=\"elementor-element elementor-element-f4edb48 elementor-widget elementor-widget-text-editor\" data-id=\"f4edb48\" data-element_type=\"widget\" data-e-type=\"widget\" data-widget_type=\"text-editor.default\">\n\t\t\t\t<div class=\"elementor-widget-container\">\n\t\t\t\t\t\t\t\t\t<div class=\"qlubcontainer_headertext\"><div><span style=\"font-family: montserrat; font-size: 24pt;\"><span class=\"firstcolor\">Transport<\/span><span class=\"secondcolor \"> France &#8211; Europe<\/span><\/span><\/div><div>\u00a0<\/div><div><span style=\"font-family: montserrat; font-size: 14pt;\">Dragonet assure l&rsquo;export (60\u00a0% de la demande) et l&rsquo;import de marchandises entre la France et l&rsquo;Europe.<br \/>Notre activit\u00e9 se concentre dans les <strong>pays de l&rsquo;Est<\/strong>, en <strong>Italie<\/strong>, au <strong>Portugal<\/strong> et en <strong>Espagne<\/strong>.<\/span><\/div><\/div><div>\u00a0<\/div><div><p class=\"rpd-h4\"><span style=\"font-family: montserrat; font-size: 18pt; color: #dd4b40;\">Au service des professionnels<\/span><\/p><p>\u00a0<\/p><p><span style=\"font-family: montserrat; font-size: 12pt;\">Nous accompagnons les professionnels, principalement dans le transport de tissus et v\u00eatements (\u00e9chantillons, \u00e9tiquettes, boutons\u2026), pour la gestion du r\u00e9assort, la production ou le retour de marchandises.<\/span><\/p><\/div>\t\t\t\t\t\t\t\t<\/div>\n\t\t\t\t<\/div>\n\t\t\t\t\t<\/div>\n\t\t<\/div>\n\t\t\t\t<div class=\"elementor-column elementor-col-33 elementor-top-column elementor-element elementor-element-d5a6496\" data-id=\"d5a6496\" data-element_type=\"column\" data-e-type=\"column\">\n\t\t\t<div class=\"elementor-widget-wrap elementor-element-populated\">\n\t\t\t\t\t\t<div class=\"elementor-element elementor-element-ae9f34d elementor-widget elementor-widget-heading\" data-id=\"ae9f34d\" data-element_type=\"widget\" data-e-type=\"widget\" data-widget_type=\"heading.default\">\n\t\t\t\t<div class=\"elementor-widget-container\">\n\t\t\t\t\t<h1 class=\"elementor-heading-title elementor-size-xl\">Zones<\/h1>\t\t\t\t<\/div>\n\t\t\t\t<\/div>\n\t\t\t\t<div class=\"elementor-element elementor-element-72ab10c elementor-widget-divider--view-line elementor-widget elementor-widget-divider\" data-id=\"72ab10c\" data-element_type=\"widget\" data-e-type=\"widget\" data-widget_type=\"divider.default\">\n\t\t\t\t<div class=\"elementor-widget-container\">\n\t\t\t\t\t\t\t<div class=\"elementor-divider\">\n\t\t\t<span class=\"elementor-divider-separator\">\n\t\t\t\t\t\t<\/span>\n\t\t<\/div>\n\t\t\t\t\t\t<\/div>\n\t\t\t\t<\/div>\n\t\t\t\t<div class=\"elementor-element elementor-element-52cd328 elementor-widget elementor-widget-text-editor\" data-id=\"52cd328\" data-element_type=\"widget\" data-e-type=\"widget\" data-widget_type=\"text-editor.default\">\n\t\t\t\t<div class=\"elementor-widget-container\">\n\t\t\t\t\t\t\t\t\t<ul><li style=\"text-align: left;\"><span style=\"color: #dd4b40; font-size: 18pt;\"><a style=\"color: #dd4b40;\" href=\"\/index.php\/france\"><span style=\"font-family: montserrat;\">France<\/span><\/a><\/span><\/li><li style=\"text-align: left;\"><span style=\"color: #dd4b40; font-size: 18pt;\"><a style=\"color: #dd4b40;\" href=\"\/index.php\/europe\"><span style=\"font-family: montserrat;\">Europe<\/span><\/a><\/span><\/li><li style=\"text-align: left;\"><span style=\"color: #dd4b40; font-size: 18pt;\"><a style=\"color: #dd4b40;\" href=\"\/index.php\/asie\"><span style=\"font-family: montserrat;\">Asie<\/span><\/a><\/span><\/li><li style=\"text-align: left;\"><span style=\"color: #dd4b40; font-size: 18pt;\"><a style=\"color: #dd4b40;\" href=\"\/index.php\/amerique\"><span style=\"font-family: montserrat;\">Am\u00e9rique<\/span><\/a><\/span><\/li><li style=\"text-align: left;\"><span style=\"color: #dd4b40; font-size: 18pt;\"><a style=\"color: #dd4b40;\" href=\"\/index.php\/afrique\"><span style=\"font-family: montserrat;\">Afrique<\/span><\/a><\/span><\/li><li style=\"text-align: left;\"><span style=\"color: #dd4b40; font-size: 18pt;\"><a style=\"color: #dd4b40;\" href=\"\/index.php\/oceanie\"><span style=\"font-family: montserrat;\">Oc\u00e9anie<\/span><\/a><\/span><\/li><li style=\"text-align: left;\"><span style=\"color: #dd4b40; font-size: 18pt;\"><a style=\"color: #dd4b40;\" href=\"\/index.php\/tiers-pays\"><span style=\"font-family: montserrat;\">Tiers-Pays<\/span><\/a><\/span><\/li><\/ul>\t\t\t\t\t\t\t\t<\/div>\n\t\t\t\t<\/div>\n\t\t\t\t\t<\/div>\n\t\t<\/div>\n\t\t\t\t\t<\/div>\n\t\t<\/section>\n\t\t\t\t<\/div>\n\t\t","protected":false},"excerpt":{"rendered":"<p>Transport de marchandises en Europe Transport France &#8211; Europe\u00a0Dragonet assure l&rsquo;export (60\u00a0% de la demande) et l&rsquo;import de marchandises entre la France et l&rsquo;Europe.Notre activit\u00e9 se concentre dans les pays&hellip;<\/p>\n","protected":false},"author":1,"featured_media":0,"parent":0,"menu_order":0,"comment_status":"closed","ping_status":"closed","template":"","meta":{"footnotes":""},"class_list":["post-389","page","type-page","status-publish","hentry"],"yoast_head":"<!-- This site is optimized with the Yoast SEO plugin v27.4 - https:\/\/yoast.com\/product\/yoast-seo-wordpress\/ -->\n<title>Europe - Dragonet.fr<\/title>\n<meta name=\"robots\" content=\"index, follow, max-snippet:-1, max-image-preview:large, max-video-preview:-1\" \/>\n<link rel=\"canonical\" href=\"https:\/\/www.dragonet.fr\/index.php\/europe\/\" \/>\n<meta property=\"og:locale\" content=\"fr_FR\" \/>\n<meta property=\"og:type\" content=\"article\" \/>\n<meta property=\"og:title\" content=\"Europe - Dragonet.fr\" \/>\n<meta property=\"og:description\" content=\"Transport de marchandises en Europe Transport France &#8211; Europe\u00a0Dragonet assure l&rsquo;export (60\u00a0% de la demande) et l&rsquo;import de marchandises entre la France et l&rsquo;Europe.Notre activit\u00e9 se concentre dans les pays&hellip;\" \/>\n<meta property=\"og:url\" content=\"https:\/\/www.dragonet.fr\/index.php\/europe\/\" \/>\n<meta property=\"og:site_name\" content=\"Dragonet.fr\" \/>\n<meta property=\"article:modified_time\" content=\"2022-06-09T21:08:43+00:00\" \/>\n<meta name=\"twitter:card\" content=\"summary_large_image\" \/>\n<meta name=\"twitter:label1\" content=\"Dur\u00e9e de lecture estim\u00e9e\" \/>\n\t<meta name=\"twitter:data1\" content=\"1 minute\" \/>\n<script type=\"application\/ld+json\" class=\"yoast-schema-graph\">{\"@context\":\"https:\\\/\\\/schema.org\",\"@graph\":[{\"@type\":\"WebPage\",\"@id\":\"https:\\\/\\\/www.dragonet.fr\\\/index.php\\\/europe\\\/\",\"url\":\"https:\\\/\\\/www.dragonet.fr\\\/index.php\\\/europe\\\/\",\"name\":\"Europe - Dragonet.fr\",\"isPartOf\":{\"@id\":\"https:\\\/\\\/www.dragonet.fr\\\/#website\"},\"datePublished\":\"2022-06-07T20:58:21+00:00\",\"dateModified\":\"2022-06-09T21:08:43+00:00\",\"breadcrumb\":{\"@id\":\"https:\\\/\\\/www.dragonet.fr\\\/index.php\\\/europe\\\/#breadcrumb\"},\"inLanguage\":\"fr-FR\",\"potentialAction\":[{\"@type\":\"ReadAction\",\"target\":[\"https:\\\/\\\/www.dragonet.fr\\\/index.php\\\/europe\\\/\"]}]},{\"@type\":\"BreadcrumbList\",\"@id\":\"https:\\\/\\\/www.dragonet.fr\\\/index.php\\\/europe\\\/#breadcrumb\",\"itemListElement\":[{\"@type\":\"ListItem\",\"position\":1,\"name\":\"Accueil\",\"item\":\"https:\\\/\\\/www.dragonet.fr\\\/\"},{\"@type\":\"ListItem\",\"position\":2,\"name\":\"Europe\"}]},{\"@type\":\"WebSite\",\"@id\":\"https:\\\/\\\/www.dragonet.fr\\\/#website\",\"url\":\"https:\\\/\\\/www.dragonet.fr\\\/\",\"name\":\"Dragonet.fr\",\"description\":\"\",\"publisher\":{\"@id\":\"https:\\\/\\\/www.dragonet.fr\\\/#organization\"},\"potentialAction\":[{\"@type\":\"SearchAction\",\"target\":{\"@type\":\"EntryPoint\",\"urlTemplate\":\"https:\\\/\\\/www.dragonet.fr\\\/?s={search_term_string}\"},\"query-input\":{\"@type\":\"PropertyValueSpecification\",\"valueRequired\":true,\"valueName\":\"search_term_string\"}}],\"inLanguage\":\"fr-FR\"},{\"@type\":\"Organization\",\"@id\":\"https:\\\/\\\/www.dragonet.fr\\\/#organization\",\"name\":\"Dragonet.fr\",\"url\":\"https:\\\/\\\/www.dragonet.fr\\\/\",\"logo\":{\"@type\":\"ImageObject\",\"inLanguage\":\"fr-FR\",\"@id\":\"https:\\\/\\\/www.dragonet.fr\\\/#\\\/schema\\\/logo\\\/image\\\/\",\"url\":\"https:\\\/\\\/www.dragonet.fr\\\/wp-content\\\/uploads\\\/2022\\\/06\\\/DRAGONET-250-218.png\",\"contentUrl\":\"https:\\\/\\\/www.dragonet.fr\\\/wp-content\\\/uploads\\\/2022\\\/06\\\/DRAGONET-250-218.png\",\"width\":250,\"height\":218,\"caption\":\"Dragonet.fr\"},\"image\":{\"@id\":\"https:\\\/\\\/www.dragonet.fr\\\/#\\\/schema\\\/logo\\\/image\\\/\"}}]}<\/script>\n<!-- \/ Yoast SEO plugin. -->","yoast_head_json":{"title":"Europe - Dragonet.fr","robots":{"index":"index","follow":"follow","max-snippet":"max-snippet:-1","max-image-preview":"max-image-preview:large","max-video-preview":"max-video-preview:-1"},"canonical":"https:\/\/www.dragonet.fr\/index.php\/europe\/","og_locale":"fr_FR","og_type":"article","og_title":"Europe - Dragonet.fr","og_description":"Transport de marchandises en Europe Transport France &#8211; Europe\u00a0Dragonet assure l&rsquo;export (60\u00a0% de la demande) et l&rsquo;import de marchandises entre la France et l&rsquo;Europe.Notre activit\u00e9 se concentre dans les pays&hellip;","og_url":"https:\/\/www.dragonet.fr\/index.php\/europe\/","og_site_name":"Dragonet.fr","article_modified_time":"2022-06-09T21:08:43+00:00","twitter_card":"summary_large_image","twitter_misc":{"Dur\u00e9e de lecture estim\u00e9e":"1 minute"},"schema":{"@context":"https:\/\/schema.org","@graph":[{"@type":"WebPage","@id":"https:\/\/www.dragonet.fr\/index.php\/europe\/","url":"https:\/\/www.dragonet.fr\/index.php\/europe\/","name":"Europe - Dragonet.fr","isPartOf":{"@id":"https:\/\/www.dragonet.fr\/#website"},"datePublished":"2022-06-07T20:58:21+00:00","dateModified":"2022-06-09T21:08:43+00:00","breadcrumb":{"@id":"https:\/\/www.dragonet.fr\/index.php\/europe\/#breadcrumb"},"inLanguage":"fr-FR","potentialAction":[{"@type":"ReadAction","target":["https:\/\/www.dragonet.fr\/index.php\/europe\/"]}]},{"@type":"BreadcrumbList","@id":"https:\/\/www.dragonet.fr\/index.php\/europe\/#breadcrumb","itemListElement":[{"@type":"ListItem","position":1,"name":"Accueil","item":"https:\/\/www.dragonet.fr\/"},{"@type":"ListItem","position":2,"name":"Europe"}]},{"@type":"WebSite","@id":"https:\/\/www.dragonet.fr\/#website","url":"https:\/\/www.dragonet.fr\/","name":"Dragonet.fr","description":"","publisher":{"@id":"https:\/\/www.dragonet.fr\/#organization"},"potentialAction":[{"@type":"SearchAction","target":{"@type":"EntryPoint","urlTemplate":"https:\/\/www.dragonet.fr\/?s={search_term_string}"},"query-input":{"@type":"PropertyValueSpecification","valueRequired":true,"valueName":"search_term_string"}}],"inLanguage":"fr-FR"},{"@type":"Organization","@id":"https:\/\/www.dragonet.fr\/#organization","name":"Dragonet.fr","url":"https:\/\/www.dragonet.fr\/","logo":{"@type":"ImageObject","inLanguage":"fr-FR","@id":"https:\/\/www.dragonet.fr\/#\/schema\/logo\/image\/","url":"https:\/\/www.dragonet.fr\/wp-content\/uploads\/2022\/06\/DRAGONET-250-218.png","contentUrl":"https:\/\/www.dragonet.fr\/wp-content\/uploads\/2022\/06\/DRAGONET-250-218.png","width":250,"height":218,"caption":"Dragonet.fr"},"image":{"@id":"https:\/\/www.dragonet.fr\/#\/schema\/logo\/image\/"}}]}},"_links":{"self":[{"href":"https:\/\/www.dragonet.fr\/index.php\/wp-json\/wp\/v2\/pages\/389","targetHints":{"allow":["GET"]}}],"collection":[{"href":"https:\/\/www.dragonet.fr\/index.php\/wp-json\/wp\/v2\/pages"}],"about":[{"href":"https:\/\/www.dragonet.fr\/index.php\/wp-json\/wp\/v2\/types\/page"}],"author":[{"embeddable":true,"href":"https:\/\/www.dragonet.fr\/index.php\/wp-json\/wp\/v2\/users\/1"}],"replies":[{"embeddable":true,"href":"https:\/\/www.dragonet.fr\/index.php\/wp-json\/wp\/v2\/comments?post=389"}],"version-history":[{"count":14,"href":"https:\/\/www.dragonet.fr\/index.php\/wp-json\/wp\/v2\/pages\/389\/revisions"}],"predecessor-version":[{"id":525,"href":"https:\/\/www.dragonet.fr\/index.php\/wp-json\/wp\/v2\/pages\/389\/revisions\/525"}],"wp:attachment":[{"href":"https:\/\/www.dragonet.fr\/index.php\/wp-json\/wp\/v2\/media?parent=389"}],"curies":[{"name":"wp","href":"https:\/\/api.w.org\/{rel}","templated":true}]}}